{"id":1127,"date":"2025-06-26T12:47:42","date_gmt":"2025-06-26T12:47:42","guid":{"rendered":"https:\/\/ariana-garden.com\/hogar\/"},"modified":"2026-01-19T14:58:40","modified_gmt":"2026-01-19T14:58:40","slug":"hogar","status":"publish","type":"page","link":"https:\/\/ariana-garden.com\/es\/","title":{"rendered":"Hogar"},"content":{"rendered":"\n<div class=\"gb-element-33a99403\">\n<div class=\"gb-element-189d95cc\">\n<h1 class=\"gb-text gb-text-d7189a1f\">Su exportador confiable de productos frescos de Rotterdam.<\/h1>\n<\/div>\n<\/div>\n\n<div class=\"gb-element-6d74dcd7\">\n<div class=\"gb-element-97392108\">\n<div class=\"gb-element-471d251e\">\n<img loading=\"lazy\" decoding=\"async\" width=\"960\" height=\"1445\" class=\"gb-media-a8d1c18e\" alt=\"Pi\u00f1a fresca de Ariana Garden\" src=\"https:\/\/ariana-garden.com\/wp-content\/uploads\/2025\/08\/Ariana-Garden-fresh-pineapple.jpg\" title=\"Pi\u00f1a fresca de Ariana Garden\" srcset=\"https:\/\/ariana-garden.com\/wp-content\/uploads\/2025\/08\/Ariana-Garden-fresh-pineapple.jpg 960w, https:\/\/ariana-garden.com\/wp-content\/uploads\/2025\/08\/Ariana-Garden-fresh-pineapple-199x300.jpg 199w, https:\/\/ariana-garden.com\/wp-content\/uploads\/2025\/08\/Ariana-Garden-fresh-pineapple-680x1024.jpg 680w, https:\/\/ariana-garden.com\/wp-content\/uploads\/2025\/08\/Ariana-Garden-fresh-pineapple-768x1156.jpg 768w\" sizes=\"auto, (max-width: 960px) 100vw, 960px\" \/>\n<\/div>\n\n\n\n<div class=\"gb-element-04b504ee\">\n<h2 class=\"gb-text gb-text-c04f7bbd\">Juntos construimos una cadena fuerte desde el agricultor hasta el consumidor.<\/h2>\n\n\n\n<p class=\"gb-text gb-text-a9d74641\">Activo desde 2012 y fundado en 2022  <\/p>\n\n\n\n<p class=\"gb-text gb-text-6f1c2915\">Con <strong>R\u00f3terdam<\/strong> como centro log\u00edstico, nos hemos especializado en la importaci\u00f3n y exportaci\u00f3n de frutas y verduras frescas durante a\u00f1os. Gracias a nuestra amplia red y a nuestro enfoque personalizado, le garantizamos un socio confiable que piensa junto con usted y cumple. <\/p>\n\n\n\n<p>Ya se trate de grandes vol\u00famenes o env\u00edos personalizados, pensamos junto con usted y nos aseguramos de que sus mercanc\u00edas lleguen a destino de forma segura y a tiempo.<\/p>\n\n\n\n<p class=\"has-accent-color has-text-color has-link-color wp-elements-bae89b1a92c847d45fa9bf11e51483ab\">En <strong>Ariana Garden BV<\/strong> , el servicio personalizado, la transparencia y las relaciones a largo plazo son fundamentales.  <\/p>\n\n\n\n<div class=\"gb-element-eb9e64f1\">\n<a class=\"gb-text-a5183ee0\" rel=\"nofollow\" href=\"https:\/\/ariana-garden.com\/es\/servicios\/\"><span class=\"gb-text\">Lea m\u00e1s sobre nuestros m\u00e9todos de trabajo<\/span><span class=\"gb-shape\"><svg xmlns=\"http:\/\/www.w3.org\/2000\/svg\" viewbox=\"0 0 46 22\"><path d=\"m45.41 9.59-9-9a2.004 2.004 0 0 0-3.42 1.42c0 .54.21 1.04.59 1.41l5.59 5.59H2c-1.1 0-2 .9-2 2s.9 2 2 2h37.17l-5.59 5.58c-.38.38-.59.88-.59 1.42s.21 1.04.59 1.41c.38.38.88.59 1.42.59s1.04-.21 1.41-.59l9-9c.38-.38.59-.88.59-1.42 0-.53-.21-1.04-.59-1.41Z\"><\/path><\/svg><\/span><\/a>\n<\/div>\n<\/div>\n<\/div>\n<\/div>\n\n<div class=\"gb-element-29414a92\">\n<div class=\"gb-element-f24a72d0\">\n<div class=\"gb-element-2ecd043a\">\n<h2 class=\"gb-text\">Servicios<\/h2>\n\n\n\n<p class=\"gb-text gb-text-5acd894f\">Nos encargamos de todo el proceso para nuestros clientes, desde la cotizaci\u00f3n hasta la entrega. Esto es lo que hacemos: <\/p>\n\n\n\n<div class=\"gb-element-5e784457\">\n<div>\n<div class=\"gb-text-4ac278d5\"><span class=\"gb-shape\"><svg xmlns=\"http:\/\/www.w3.org\/2000\/svg\" aria-hidden=\"true\" role=\"img\" height=\"1em\" width=\"1em\" viewbox=\"0 0 512 512\"><path fill=\"currentColor\" d=\"M256 56c110.532 0 200 89.451 200 200 0 110.532-89.451 200-200 200-110.532 0-200-89.451-200-200 0-110.532 89.451-200 200-200m0-48C119.033 8 8 119.033 8 256s111.033 248 248 248 248-111.033 248-248S392.967 8 256 8zm0 168c-44.183 0-80 35.817-80 80s35.817 80 80 80 80-35.817 80-80-35.817-80-80-80z\"><\/path><\/svg><\/span><span class=\"gb-text\">Cotizaciones y licitaciones<\/span><\/div>\n\n\n\n<div class=\"gb-text gb-text-4e3d3be8\">Cada semana transparente, en base a FOT en nuestro almac\u00e9n.<\/div>\n<\/div>\n\n\n\n<div>\n<div class=\"gb-text-fb778bd5\"><span class=\"gb-shape\"><svg xmlns=\"http:\/\/www.w3.org\/2000\/svg\" aria-hidden=\"true\" role=\"img\" height=\"1em\" width=\"1em\" viewbox=\"0 0 512 512\"><path fill=\"currentColor\" d=\"M256 56c110.532 0 200 89.451 200 200 0 110.532-89.451 200-200 200-110.532 0-200-89.451-200-200 0-110.532 89.451-200 200-200m0-48C119.033 8 8 119.033 8 256s111.033 248 248 248 248-111.033 248-248S392.967 8 256 8zm0 168c-44.183 0-80 35.817-80 80s35.817 80 80 80 80-35.817 80-80-35.817-80-80-80z\"><\/path><\/svg><\/span><span class=\"gb-text\">Compra de productos<\/span><\/div>\n\n\n\n<div class=\"gb-text gb-text-0b03e984\">Busque inmediatamente la fruta y verdura adecuada para cada pedido.<\/div>\n<\/div>\n\n\n\n<div>\n<div class=\"gb-text-7a731045\"><span class=\"gb-shape\"><svg xmlns=\"http:\/\/www.w3.org\/2000\/svg\" aria-hidden=\"true\" role=\"img\" height=\"1em\" width=\"1em\" viewbox=\"0 0 512 512\"><path fill=\"currentColor\" d=\"M256 56c110.532 0 200 89.451 200 200 0 110.532-89.451 200-200 200-110.532 0-200-89.451-200-200 0-110.532 89.451-200 200-200m0-48C119.033 8 8 119.033 8 256s111.033 248 248 248 248-111.033 248-248S392.967 8 256 8zm0 168c-44.183 0-80 35.817-80 80s35.817 80 80 80 80-35.817 80-80-35.817-80-80-80z\"><\/path><\/svg><\/span><span class=\"gb-text\">Red confiable<\/span><\/div>\n\n\n\n<div class=\"gb-text gb-text-dc685a3c\">Con experiencia en productos frescos, con proveedores y productores de calidad regular.<\/div>\n<\/div>\n\n\n\n<div>\n<div class=\"gb-text-0f61d7d9\"><span class=\"gb-shape\"><svg xmlns=\"http:\/\/www.w3.org\/2000\/svg\" aria-hidden=\"true\" role=\"img\" height=\"1em\" width=\"1em\" viewbox=\"0 0 512 512\"><path fill=\"currentColor\" d=\"M256 56c110.532 0 200 89.451 200 200 0 110.532-89.451 200-200 200-110.532 0-200-89.451-200-200 0-110.532 89.451-200 200-200m0-48C119.033 8 8 119.033 8 256s111.033 248 248 248 248-111.033 248-248S392.967 8 256 8zm0 168c-44.183 0-80 35.817-80 80s35.817 80 80 80 80-35.817 80-80-35.817-80-80-80z\"><\/path><\/svg><\/span><span class=\"gb-text\">Recolecci\u00f3n y control de calidad<\/span><\/div>\n\n\n\n<div class=\"gb-text gb-text-cb89574f\">Productos cuidadosamente recolectados y estrictamente inspeccionados en nuestro almac\u00e9n.<\/div>\n<\/div>\n\n\n\n<div>\n<div class=\"gb-text-5649fc01\"><span class=\"gb-shape\"><svg xmlns=\"http:\/\/www.w3.org\/2000\/svg\" aria-hidden=\"true\" role=\"img\" height=\"1em\" width=\"1em\" viewbox=\"0 0 512 512\"><path fill=\"currentColor\" d=\"M256 56c110.532 0 200 89.451 200 200 0 110.532-89.451 200-200 200-110.532 0-200-89.451-200-200 0-110.532 89.451-200 200-200m0-48C119.033 8 8 119.033 8 256s111.033 248 248 248 248-111.033 248-248S392.967 8 256 8zm0 168c-44.183 0-80 35.817-80 80s35.817 80 80 80 80-35.817 80-80-35.817-80-80-80z\"><\/path><\/svg><\/span><span class=\"gb-text\">Inspecciones legales<\/span><\/div>\n\n\n\n<div class=\"gb-text gb-text-a87b000e\">Planificaci\u00f3n y ejecuci\u00f3n de inspecciones y controles en nuestras instalaciones.<\/div>\n<\/div>\n\n\n\n<div>\n<div class=\"gb-text-c19d31b6\"><span class=\"gb-shape\"><svg xmlns=\"http:\/\/www.w3.org\/2000\/svg\" aria-hidden=\"true\" role=\"img\" height=\"1em\" width=\"1em\" viewbox=\"0 0 512 512\"><path fill=\"currentColor\" d=\"M256 56c110.532 0 200 89.451 200 200 0 110.532-89.451 200-200 200-110.532 0-200-89.451-200-200 0-110.532 89.451-200 200-200m0-48C119.033 8 8 119.033 8 256s111.033 248 248 248 248-111.033 248-248S392.967 8 256 8zm0 168c-44.183 0-80 35.817-80 80s35.817 80 80 80 80-35.817 80-80-35.817-80-80-80z\"><\/path><\/svg><\/span><span class=\"gb-text\">Documentos aduaneros<\/span><\/div>\n\n\n\n<div class=\"gb-text gb-text-a007df70\">Todos los tr\u00e1mites y requisitos internacionales se gestionan antes de la carga.<\/div>\n<\/div>\n<\/div>\n\n\n\n<div class=\"gb-element-b5dd6199\">\n<div>\n<div class=\"gb-text-8df8850f\"><span class=\"gb-shape\"><svg xmlns=\"http:\/\/www.w3.org\/2000\/svg\" aria-hidden=\"true\" role=\"img\" height=\"1em\" width=\"1em\" viewbox=\"0 0 512 512\"><path fill=\"currentColor\" d=\"M256 56c110.532 0 200 89.451 200 200 0 110.532-89.451 200-200 200-110.532 0-200-89.451-200-200 0-110.532 89.451-200 200-200m0-48C119.033 8 8 119.033 8 256s111.033 248 248 248 248-111.033 248-248S392.967 8 256 8zm0 168c-44.183 0-80 35.817-80 80s35.817 80 80 80 80-35.817 80-80-35.817-80-80-80z\"><\/path><\/svg><\/span><span class=\"gb-text\">Apoyo en destino final<\/span><\/div>\n\n\n\n<div class=\"gb-text gb-text-443ccc0a\">Los agentes in situ y los controladores de calidad evitan retrasos.<\/div>\n<\/div>\n\n\n\n<div>\n<div class=\"gb-text-a74ab416\"><span class=\"gb-shape\"><svg xmlns=\"http:\/\/www.w3.org\/2000\/svg\" aria-hidden=\"true\" role=\"img\" height=\"1em\" width=\"1em\" viewbox=\"0 0 512 512\"><path fill=\"currentColor\" d=\"M256 56c110.532 0 200 89.451 200 200 0 110.532-89.451 200-200 200-110.532 0-200-89.451-200-200 0-110.532 89.451-200 200-200m0-48C119.033 8 8 119.033 8 256s111.033 248 248 248 248-111.033 248-248S392.967 8 256 8zm0 168c-44.183 0-80 35.817-80 80s35.817 80 80 80 80-35.817 80-80-35.817-80-80-80z\"><\/path><\/svg><\/span><span class=\"gb-text\">Cuidados posteriores y accesibilidad<\/span><\/div>\n\n\n\n<div class=\"gb-text gb-text-d80c7b80\">Contacto activo incluso despu\u00e9s del parto y siempre disponible para preguntas.<\/div>\n<\/div>\n<\/div>\n\n\n\n<h2 class=\"gb-text gb-text-6baf777c\">\u00bfNecesitas trabajo personalizado?<\/h2>\n\n\n\n<p class=\"gb-text gb-text-2b033611\">Cada cliente y cada mercado son diferentes. Por eso ofrecemos soluciones flexibles y personalizadas, adaptadas a sus necesidades y a los requisitos espec\u00edficos de sus clientes. <\/p>\n\n\n\n<a class=\"gb-text gb-text-d09bc1f3\" href=\"https:\/\/ariana-garden.com\/es\/contacto\/\">Ll\u00e1manos directamente<\/a>\n<\/div>\n<\/div>\n<\/div>\n\n<div class=\"gb-element-831eefa4\">\n<h2 class=\"wp-block-heading has-text-align-center has-accent-color has-text-color has-link-color wp-elements-9ad0f7ae978e7a3b00be9899454cacf1\">Blog<\/h2>\n\n\n\n<div class=\"gb-element-d559b4bb\">\n<div class=\"wp-block-query is-layout-flow wp-block-query-is-layout-flow\"><ul class=\"columns-3 wp-block-post-template is-layout-grid wp-container-core-post-template-is-layout-2f3213d7 wp-block-post-template-is-layout-grid\"><li class=\"wp-block-post post-1505 post type-post status-publish format-standard has-post-thumbnail hentry category-overseas\">\n\n<div class=\"wp-block-group has-accent-color has-text-color has-link-color wp-elements-dd6a81b829f72f2c9a893c255e9099f1\" style=\"padding-top:30px;padding-right:30px;padding-bottom:30px;padding-left:30px\"><div class=\"wp-block-group__inner-container is-layout-flow wp-block-group-is-layout-flow\"><h2 class=\"wp-block-post-title\"><a href=\"https:\/\/ariana-garden.com\/es\/frutas-y-verduras-frescas-a-europa-del-este-desde-los-paises-bajos\/\" target=\"_self\" >Frutas y verduras frescas a Europa del Este desde los Pa\u00edses Bajos<\/a><\/h2>\n\n<div class=\"wp-block-post-excerpt\"><p class=\"wp-block-post-excerpt__excerpt\">Optimice sus compras de frutas y verduras a trav\u00e9s de los Pa\u00edses Bajos para Ucrania, Kazajist\u00e1n, Georgia y m\u00e1s. Los mejores productos en enero-febrero con los mayores m\u00e1rgenes. \u2713 Garant\u00eda de calidad \u2713 Log\u00edstica <\/p><\/div>\n\n<div class=\"wp-block-post-date\"><time datetime=\"2026-01-15T11:47:41+00:00\">enero 15, 2026<\/time><\/div><\/div><\/div>\n\n<\/li><li class=\"wp-block-post post-1440 post type-post status-publish format-standard has-post-thumbnail hentry category-overseas tag-georgia tag-importacion tag-kazajistan tag-moldavia tag-rusia tag-supply-chain tag-ucrania\">\n\n<div class=\"wp-block-group has-accent-color has-text-color has-link-color wp-elements-dd6a81b829f72f2c9a893c255e9099f1\" style=\"padding-top:30px;padding-right:30px;padding-bottom:30px;padding-left:30px\"><div class=\"wp-block-group__inner-container is-layout-flow wp-block-group-is-layout-flow\"><h2 class=\"wp-block-post-title\"><a href=\"https:\/\/ariana-garden.com\/es\/envases-sostenibles-para-frutas-y-verduras-oportunidades-para-los-minoristas-de-europa-del-este\/\" target=\"_self\" >Envases sostenibles para frutas y verduras: oportunidades para los minoristas de Europa del Este<\/a><\/h2>\n\n<div class=\"wp-block-post-excerpt\"><p class=\"wp-block-post-excerpt__excerpt\">La demanda de envases sostenibles para frutas y verduras est\u00e1 creciendo exponencialmente en toda Europa. Tambi\u00e9n estamos observando un cambio claro en Europa del Este: los consumidores eligen cada vez &#8230; Lees meer <\/p><\/div>\n\n<div class=\"wp-block-post-date\"><time datetime=\"2025-12-01T10:17:07+00:00\">diciembre 1, 2025<\/time><\/div><\/div><\/div>\n\n<\/li><li class=\"wp-block-post post-1322 post type-post status-publish format-standard has-post-thumbnail hentry category-overseas tag-georgia tag-importacion tag-kazajistan tag-moldavia tag-rusia tag-ucrania\">\n\n<div class=\"wp-block-group has-accent-color has-text-color has-link-color wp-elements-dd6a81b829f72f2c9a893c255e9099f1\" style=\"padding-top:30px;padding-right:30px;padding-bottom:30px;padding-left:30px\"><div class=\"wp-block-group__inner-container is-layout-flow wp-block-group-is-layout-flow\"><h2 class=\"wp-block-post-title\"><a href=\"https:\/\/ariana-garden.com\/es\/las-5-frutas-con-los-mejores-margenes-para-los-supermercados-de-europa-del-este\/\" target=\"_self\" >Las 5 frutas con los mejores m\u00e1rgenes para los supermercados de Europa del Este<\/a><\/h2>\n\n<div class=\"wp-block-post-excerpt\"><p class=\"wp-block-post-excerpt__excerpt\">Para los compradores de cadenas minoristas de Europa del Este, la fruta importada ofrece m\u00e1rgenes de beneficio \u00fanicos, inigualables por los productos europeos. Para noviembre de 2025, la importaci\u00f3n de &#8230; Lees meer <\/p><\/div>\n\n<div class=\"wp-block-post-date\"><time datetime=\"2025-11-07T14:39:55+00:00\">noviembre 7, 2025<\/time><\/div><\/div><\/div>\n\n<\/li><\/ul>\n\n<nav class=\"wp-block-query-pagination is-content-justification-center is-layout-flex wp-container-core-query-pagination-is-layout-16018d1d wp-block-query-pagination-is-layout-flex\" aria-label=\"Paginaci\u00f3n\">\n\n\n<div class=\"wp-block-query-pagination-numbers\"><span aria-current=\"page\" class=\"page-numbers current\">1<\/span>\n<a class=\"page-numbers\" href=\"?query-76-page=2\">2<\/a>\n<a class=\"page-numbers\" href=\"?query-76-page=3\">3<\/a><\/div>\n\n<a href=\"\/es\/wp-json\/wp\/v2\/pages\/1127?query-76-page=2\" class=\"wp-block-query-pagination-next\">P\u00e1gina siguiente<\/a>\n<\/nav><\/div>\n<\/div>\n<\/div>\n\n<div>\n<div class=\"gb-element-fb2a6bec\">\n<div class=\"gb-element-96f5bf82\">\n<div class=\"gb-element-477a830c\">\n<p class=\"gb-text gb-text-544256dd\">Crezcamos juntos<\/p>\n\n\n\n<div class=\"gb-text gb-text-1ed0f2b4\">Ya sea que est\u00e9 buscando productos frescos, una entrega confiable o una asociaci\u00f3n a largo plazo, estamos aqu\u00ed para ayudarlo.  <\/div>\n\n\n\n<div class=\"gb-element-0e96ce26\">\n<a class=\"gb-text-c8969d02\" href=\"https:\/\/ariana-garden.com\/contact\/\"><span class=\"gb-shape\"><svg xmlns=\"http:\/\/www.w3.org\/2000\/svg\" viewbox=\"0 0 46 22\"><path d=\"m45.41 9.59-9-9a2.004 2.004 0 0 0-3.42 1.42c0 .54.21 1.04.59 1.41l5.59 5.59H2c-1.1 0-2 .9-2 2s.9 2 2 2h37.17l-5.59 5.58c-.38.38-.59.88-.59 1.42s.21 1.04.59 1.41c.38.38.88.59 1.42.59s1.04-.21 1.41-.59l9-9c.38-.38.59-.88.59-1.42 0-.53-.21-1.04-.59-1.41Z\"><\/path><\/svg><\/span><span class=\"gb-text\">Descubra lo que podemos lograr juntos<\/span><\/a>\n<\/div>\n<\/div>\n\n\n\n<div class=\"gb-element-93d5c289\">\n<img loading=\"lazy\" decoding=\"async\" width=\"1440\" height=\"960\" class=\"gb-media-1304dcf7\" src=\"https:\/\/ariana-garden.com\/wp-content\/uploads\/2025\/08\/peren.png\" title=\"AG\" alt=\"\" srcset=\"https:\/\/ariana-garden.com\/wp-content\/uploads\/2025\/08\/peren.png 1440w, https:\/\/ariana-garden.com\/wp-content\/uploads\/2025\/08\/peren-300x200.png 300w, https:\/\/ariana-garden.com\/wp-content\/uploads\/2025\/08\/peren-1024x683.png 1024w, https:\/\/ariana-garden.com\/wp-content\/uploads\/2025\/08\/peren-768x512.png 768w\" sizes=\"auto, (max-width: 1440px) 100vw, 1440px\" \/>\n<\/div>\n<\/div>\n<\/div>\n<\/div>\n","protected":false},"excerpt":{"rendered":"<p>Su exportador confiable de productos frescos de Rotterdam. Juntos construimos una cadena fuerte desde el agricultor hasta el consumidor. Activo desde 2012 y fundado en 2022 Con R\u00f3terdam como centro &#8230; <\/p>\n<p class=\"read-more-container\"><a title=\"Hogar\" class=\"read-more button\" href=\"https:\/\/ariana-garden.com\/es\/#more-1127\" aria-label=\"Leer m\u00e1s sobre Hogar\">Lees meer<\/a><\/p>\n","protected":false},"author":1,"featured_media":1135,"parent":0,"menu_order":0,"comment_status":"closed","ping_status":"closed","template":"","meta":{"_seopress_robots_primary_cat":"","_seopress_titles_title":"Ariana Garden, su exportador confiable de productos frescos","_seopress_titles_desc":"\u00bfBusca un socio confiable para importar frutas y verduras a Europa del Este? Le garantizamos calidad, certificaci\u00f3n y log\u00edstica desde R\u00f3terdam. ","_seopress_robots_index":"","footnotes":""},"class_list":["post-1127","page","type-page","status-publish","has-post-thumbnail"],"_links":{"self":[{"href":"https:\/\/ariana-garden.com\/es\/wp-json\/wp\/v2\/pages\/1127","targetHints":{"allow":["GET"]}}],"collection":[{"href":"https:\/\/ariana-garden.com\/es\/wp-json\/wp\/v2\/pages"}],"about":[{"href":"https:\/\/ariana-garden.com\/es\/wp-json\/wp\/v2\/types\/page"}],"author":[{"embeddable":true,"href":"https:\/\/ariana-garden.com\/es\/wp-json\/wp\/v2\/users\/1"}],"replies":[{"embeddable":true,"href":"https:\/\/ariana-garden.com\/es\/wp-json\/wp\/v2\/comments?post=1127"}],"version-history":[{"count":3,"href":"https:\/\/ariana-garden.com\/es\/wp-json\/wp\/v2\/pages\/1127\/revisions"}],"predecessor-version":[{"id":1497,"href":"https:\/\/ariana-garden.com\/es\/wp-json\/wp\/v2\/pages\/1127\/revisions\/1497"}],"wp:featuredmedia":[{"embeddable":true,"href":"https:\/\/ariana-garden.com\/es\/wp-json\/wp\/v2\/media\/1135"}],"wp:attachment":[{"href":"https:\/\/ariana-garden.com\/es\/wp-json\/wp\/v2\/media?parent=1127"}],"curies":[{"name":"wp","href":"https:\/\/api.w.org\/{rel}","templated":true}]}}