{"id":1148,"date":"2025-06-30T14:10:47","date_gmt":"2025-06-30T14:10:47","guid":{"rendered":"https:\/\/ariana-garden.com\/sobre-nosotros\/"},"modified":"2025-09-25T10:58:34","modified_gmt":"2025-09-25T10:58:34","slug":"sobre-nosotros","status":"publish","type":"page","link":"https:\/\/ariana-garden.com\/es\/sobre-nosotros\/","title":{"rendered":"Sobre nosotros"},"content":{"rendered":"\n<div class=\"gb-element-33a99403\">\n<div class=\"gb-element-161a92dc\">\n<h1 class=\"gb-text gb-text-38016bd3\"><strong>Ariana Garden<\/strong> es su socio m\u00e1s confiable en la industria de frutas y verduras.<\/h1>\n<\/div>\n<\/div>\n\n<div class=\"gb-element-82539f11\">\n<div class=\"gb-element-ace29183\">\n<div>\n<img loading=\"lazy\" decoding=\"async\" width=\"1533\" height=\"2308\" class=\"gb-media-7ee39e3a\" alt=\"Ariana-Garden-broccoli\" src=\"https:\/\/ariana-garden.com\/wp-content\/uploads\/2025\/08\/Ariana-Garden-broccoli.jpg\" title=\"Ariana-Garden-broccoli\" srcset=\"https:\/\/ariana-garden.com\/wp-content\/uploads\/2025\/08\/Ariana-Garden-broccoli.jpg 1533w, https:\/\/ariana-garden.com\/wp-content\/uploads\/2025\/08\/Ariana-Garden-broccoli-199x300.jpg 199w, https:\/\/ariana-garden.com\/wp-content\/uploads\/2025\/08\/Ariana-Garden-broccoli-680x1024.jpg 680w, https:\/\/ariana-garden.com\/wp-content\/uploads\/2025\/08\/Ariana-Garden-broccoli-768x1156.jpg 768w, https:\/\/ariana-garden.com\/wp-content\/uploads\/2025\/08\/Ariana-Garden-broccoli-1020x1536.jpg 1020w, https:\/\/ariana-garden.com\/wp-content\/uploads\/2025\/08\/Ariana-Garden-broccoli-1360x2048.jpg 1360w\" sizes=\"auto, (max-width: 1533px) 100vw, 1533px\" \/>\n<\/div>\n\n\n\n<div>\n<p>De principio a fin, las frutas y verduras deben manipularse con cuidado. Esto significa que cada paso de la cadena de suministro debe considerarse cuidadosamente para garantizar la calidad desde el origen hasta el plato. \u00bfCu\u00e1ndo compra qu\u00e9? \u00bfQu\u00e9 material de embalaje se ajusta a los valores fundamentales de su empresa? \u00bfDe qu\u00e9 pa\u00eds importa qu\u00e9? \u00bfEst\u00e1n todos los documentos y certificados en regla? Ariana Garden puede ayudarle a resolver estas preguntas con asesoramiento personalizado.      <\/p>\n\n\n\n<p>Un socio confiable que escucha sus necesidades es crucial. <strong>Ariana Garden<\/strong> siempre est\u00e1 lista para ayudar a sus clientes, construyendo relaciones duraderas. Le guiamos hacia frutas y verduras de la m\u00e1s alta calidad, con las certificaciones adecuadas y el mejor empaque. <\/p>\n\n\n\n<p><strong>Ariana Garden<\/strong>, fundada en 2021, somos una empresa internacional joven y din\u00e1mica con a\u00f1os de experiencia en el sector de productos frescos. Contamos con una amplia experiencia y una extensa red internacional. Mantenemos excelentes contactos, especialmente en Europa del Este, con quienes colaboramos estrechamente como empresa multiling\u00fce.  <\/p>\n\n\n\n<div>\n<span class=\"gb-shape gb-shape-9a024bd3\"><svg xmlns=\"http:\/\/www.w3.org\/2000\/svg\" viewbox=\"0 0 196.31 155.84\"><path d=\"M0 107.46C0 73.96 32.56 25.12 58.61 0l15.35 13.03c-14.89 18.61-24.65 35.82-30.7 56.29 30.7 0 46.05 21.4 46.05 43.26s-15.35 43.26-44.66 43.26S0 134.44 0 107.46Zm106.53 0c0-33.49 33.03-82.34 59.08-107.46l14.89 13.03c-14.42 18.61-24.65 35.82-30.24 56.29 30.7 0 46.05 21.4 46.05 43.26s-15.82 43.26-44.66 43.26-45.12-21.4-45.12-48.38Z\"><\/path><\/svg><\/span>\n\n\n\n<h3 class=\"gb-text gb-text-404fc02d\">Nuestra prioridad es garantizar que todo funcione a la perfecci\u00f3n. Le proporcionamos los productos frescos que necesita y nos aseguramos de que todo el proceso transcurra sin contratiempos. Revisamos la documentaci\u00f3n, proporcionamos la correcta y nos aseguramos de que el embalaje y el etiquetado se cumplan.  <\/h3>\n\n\n\n<p class=\"gb-text gb-text-3cdf772b\">\u2013 Ecaterina Turcan, &nbsp;<em>Director general<\/em><\/p>\n<\/div>\n<\/div>\n<\/div>\n<\/div>\n\n<div class=\"gb-element-35f6ab7d\">\n<div class=\"gb-element-fb2a6bec\">\n<div class=\"gb-element-96f5bf82\">\n<div class=\"gb-element-477a830c\">\n<p class=\"gb-text gb-text-544256dd\">Crezcamos juntos<\/p>\n\n\n\n<div class=\"gb-text gb-text-1ed0f2b4\">Ya sea que est\u00e9 buscando productos frescos, una entrega confiable o una asociaci\u00f3n a largo plazo, estamos aqu\u00ed para ayudarlo.  <\/div>\n\n\n\n<div class=\"gb-element-0e96ce26\">\n<a class=\"gb-text-c8969d02\" href=\"https:\/\/ariana-garden.com\/contact\/\"><span class=\"gb-shape\"><svg xmlns=\"http:\/\/www.w3.org\/2000\/svg\" viewbox=\"0 0 46 22\"><path d=\"m45.41 9.59-9-9a2.004 2.004 0 0 0-3.42 1.42c0 .54.21 1.04.59 1.41l5.59 5.59H2c-1.1 0-2 .9-2 2s.9 2 2 2h37.17l-5.59 5.58c-.38.38-.59.88-.59 1.42s.21 1.04.59 1.41c.38.38.88.59 1.42.59s1.04-.21 1.41-.59l9-9c.38-.38.59-.88.59-1.42 0-.53-.21-1.04-.59-1.41Z\"><\/path><\/svg><\/span><span class=\"gb-text\">Descubra lo que podemos lograr juntos<\/span><\/a>\n<\/div>\n<\/div>\n\n\n\n<div class=\"gb-element-93d5c289\">\n<img loading=\"lazy\" decoding=\"async\" width=\"1440\" height=\"960\" class=\"gb-media-1304dcf7\" src=\"https:\/\/ariana-garden.com\/wp-content\/uploads\/2025\/08\/peren.png\" title=\"AG\" alt=\"\" srcset=\"https:\/\/ariana-garden.com\/wp-content\/uploads\/2025\/08\/peren.png 1440w, https:\/\/ariana-garden.com\/wp-content\/uploads\/2025\/08\/peren-300x200.png 300w, https:\/\/ariana-garden.com\/wp-content\/uploads\/2025\/08\/peren-1024x683.png 1024w, https:\/\/ariana-garden.com\/wp-content\/uploads\/2025\/08\/peren-768x512.png 768w\" sizes=\"auto, (max-width: 1440px) 100vw, 1440px\" \/>\n<\/div>\n<\/div>\n<\/div>\n<\/div>\n","protected":false},"excerpt":{"rendered":"<p>Ariana Garden es su socio m\u00e1s confiable en la industria de frutas y verduras. De principio a fin, las frutas y verduras deben manipularse con cuidado. Esto significa que cada &#8230; <\/p>\n<p class=\"read-more-container\"><a title=\"Sobre nosotros\" class=\"read-more button\" href=\"https:\/\/ariana-garden.com\/es\/sobre-nosotros\/#more-1148\" aria-label=\"Leer m\u00e1s sobre Sobre nosotros\">Lees meer<\/a><\/p>\n","protected":false},"author":1,"featured_media":0,"parent":0,"menu_order":0,"comment_status":"closed","ping_status":"closed","template":"","meta":{"_seopress_robots_primary_cat":"","_seopress_titles_title":"","_seopress_titles_desc":"","_seopress_robots_index":"","footnotes":""},"class_list":["post-1148","page","type-page","status-publish"],"_links":{"self":[{"href":"https:\/\/ariana-garden.com\/es\/wp-json\/wp\/v2\/pages\/1148","targetHints":{"allow":["GET"]}}],"collection":[{"href":"https:\/\/ariana-garden.com\/es\/wp-json\/wp\/v2\/pages"}],"about":[{"href":"https:\/\/ariana-garden.com\/es\/wp-json\/wp\/v2\/types\/page"}],"author":[{"embeddable":true,"href":"https:\/\/ariana-garden.com\/es\/wp-json\/wp\/v2\/users\/1"}],"replies":[{"embeddable":true,"href":"https:\/\/ariana-garden.com\/es\/wp-json\/wp\/v2\/comments?post=1148"}],"version-history":[{"count":3,"href":"https:\/\/ariana-garden.com\/es\/wp-json\/wp\/v2\/pages\/1148\/revisions"}],"predecessor-version":[{"id":1153,"href":"https:\/\/ariana-garden.com\/es\/wp-json\/wp\/v2\/pages\/1148\/revisions\/1153"}],"wp:attachment":[{"href":"https:\/\/ariana-garden.com\/es\/wp-json\/wp\/v2\/media?parent=1148"}],"curies":[{"name":"wp","href":"https:\/\/api.w.org\/{rel}","templated":true}]}}