{"id":1175,"date":"2025-08-14T10:53:04","date_gmt":"2025-08-14T10:53:04","guid":{"rendered":"https:\/\/ariana-garden.com\/politica-de-privacidad\/"},"modified":"2025-09-25T11:34:35","modified_gmt":"2025-09-25T11:34:35","slug":"politica-de-privacidad","status":"publish","type":"page","link":"https:\/\/ariana-garden.com\/es\/politica-de-privacidad\/","title":{"rendered":"Pol\u00edtica de privacidad"},"content":{"rendered":"\n<div class=\"gb-element-189d95cc\">\n<div>\n<p class=\"gb-text\">\u00daltima actualizaci\u00f3n: 15 de agosto de 2025<\/p>\n\n\n\n<h1 class=\"gb-text\"><strong>Pol\u00edtica de privacidad<\/strong> .<\/h1>\n<\/div>\n\n\n\n<div>\n<h2 class=\"wp-block-heading\">1. General<\/h2>\n\n\n\n<p><strong>Ariana Garden BV<\/strong> , ubicada en <strong>Peterselieweg 70B, 2988 DH Ridderkerk en los Pa\u00edses Bajos<\/strong> , es responsable del procesamiento de datos personales como se muestra en esta declaraci\u00f3n de privacidad.<br\/> Damos gran importancia a la protecci\u00f3n de sus datos personales y los tratamos de forma cuidadosa y confidencial, de acuerdo con el Reglamento General de Protecci\u00f3n de Datos (RGPD).<\/p>\n\n\n\n<h2 class=\"wp-block-heading\">2. Datos personales que procesamos<\/h2>\n\n\n\n<p>Tratamos sus datos personales porque utiliza nuestros servicios o porque usted mismo nos los proporciona. A continuaci\u00f3n, se presenta un resumen de los datos que (podemos) tratar: <\/p>\n\n\n\n<pre class=\"wp-block-verse\">Nombre y raz\u00f3n social de la empresa<br\/> Detalles de la direcci\u00f3n (calle, c\u00f3digo postal, ciudad, pa\u00eds)<br\/> N\u00famero de tel\u00e9fono<br\/> Direcci\u00f3n de correo electr\u00f3nico<br\/> N\u00famero de IVA y de C\u00e1mara de Comercio (si es empresa)<br\/> Datos bancarios (para pagos)<br\/> Direcci\u00f3n IP y datos t\u00e9cnicos sobre su uso de nuestro sitio web<\/pre>\n\n\n\n<p>Cualquier otro dato que usted proporcione activamente (por ejemplo, a trav\u00e9s de un formulario de contacto o por correo electr\u00f3nico)<\/p>\n\n\n\n<h2 class=\"wp-block-heading\">3. Finalidades del tratamiento de datos<\/h2>\n\n\n\n<p>Procesamos sus datos personales para los siguientes fines:<\/p>\n\n\n\n<ul class=\"wp-block-list\">\n<li>Procesando su pedido o solicitud<\/li>\n\n\n\n<li>Env\u00edo de cotizaciones, confirmaciones de pedidos y facturas<\/li>\n\n\n\n<li>Mantener contacto sobre entregas, servicios o preguntas.<\/li>\n\n\n\n<li>Cumplimiento de obligaciones legales (como la legislaci\u00f3n fiscal)<\/li>\n\n\n\n<li>Mejorando nuestro sitio web y nuestros servicios<\/li>\n<\/ul>\n\n\n\n<h2 class=\"wp-block-heading\">4. Base para el procesamiento<\/h2>\n\n\n\n<p>Solo procesamos sus datos personales si existe una base legal para hacerlo, como por ejemplo:<\/p>\n\n\n\n<ul class=\"wp-block-list\">\n<li>Su consentimiento<\/li>\n\n\n\n<li>Ejecuci\u00f3n de un acuerdo<\/li>\n\n\n\n<li>Una obligaci\u00f3n legal<\/li>\n\n\n\n<li>Nuestro inter\u00e9s leg\u00edtimo (por ejemplo, marketing para clientes existentes)<\/li>\n<\/ul>\n\n\n\n<h2 class=\"wp-block-heading\">5. Periodo de conservaci\u00f3n<\/h2>\n\n\n\n<p>No almacenamos sus datos personales durante m\u00e1s tiempo del estrictamente necesario para lograr los fines para los que se recopilan sus datos, a menos que estemos legalmente obligados a almacenar los datos durante un per\u00edodo m\u00e1s largo (como la obligaci\u00f3n de retenci\u00f3n de impuestos de 7 a\u00f1os).<\/p>\n\n\n\n<h2 class=\"wp-block-heading\">6. Compartir datos personales con terceros<\/h2>\n\n\n\n<p>Solo compartimos sus datos personales con terceros si es necesario para la ejecuci\u00f3n de nuestro acuerdo con usted o para cumplir con una obligaci\u00f3n legal. Contamos con acuerdos de tratamiento de datos con empresas que procesan sus datos en nuestro nombre para garantizar el mismo nivel de seguridad y confidencialidad. <\/p>\n\n\n\n<h2 class=\"wp-block-heading\">7. Cookies y seguimiento<\/h2>\n\n\n\n<p>Nuestro sitio web utiliza cookies para analizar y mejorar el uso del sitio. Puede aceptar, rechazar o eliminar las cookies a trav\u00e9s de la configuraci\u00f3n de su navegador. Consulte nuestra <a href=\"https:\/\/ariana-garden.com\/cookiebeleid\/\" data-type=\"page\" data-id=\"763\"><strong>Pol\u00edtica de Cookies<\/strong><\/a> para obtener m\u00e1s informaci\u00f3n.  <\/p>\n\n\n\n<h2 class=\"wp-block-heading\">8. Seguridad de los datos personales<\/h2>\n\n\n\n<p>Tomamos medidas t\u00e9cnicas y organizativas adecuadas para proteger sus datos contra p\u00e9rdida, mal uso, acceso no autorizado, divulgaci\u00f3n o modificaci\u00f3n.<\/p>\n\n\n\n<h2 class=\"wp-block-heading\">9. Sus derechos<\/h2>\n\n\n\n<p>Tienes derecho a:<\/p>\n\n\n\n<ul class=\"wp-block-list\">\n<li>Para ver, corregir o eliminar sus datos personales<\/li>\n\n\n\n<li>Para revocar su consentimiento al tratamiento de datos<\/li>\n\n\n\n<li>Para oponerse al tratamiento de sus datos personales<\/li>\n\n\n\n<li>Solicitar portabilidad de datos<\/li>\n<\/ul>\n\n\n\n<p>Puede ejercer estos derechos poni\u00e9ndose en contacto con nosotros utilizando los datos de contacto que aparecen a continuaci\u00f3n.<\/p>\n\n\n\n<h2 class=\"wp-block-heading\">10. Datos de contacto<\/h2>\n\n\n\n<pre class=\"wp-block-verse\">Ariana Garden BV<br\/> Calle Peterselieweg 70B<br\/> 2988 DH Ridderkerk<br\/> Pa\u00edses Bajos<br\/> Correo electr\u00f3nico: sales@ariana-garden.com<br\/> Tel\u00e9fono: +31(0)618862242<\/pre>\n\n\n\n<h2 class=\"wp-block-heading\">11. Cambios a esta Pol\u00edtica de Privacidad<\/h2>\n\n\n\n<p>Nos reservamos el derecho de modificar esta declaraci\u00f3n de privacidad. Le recomendamos que consulte esta p\u00e1gina peri\u00f3dicamente para mantenerse informado sobre cualquier cambio. <\/p>\n\n\n\n<p class=\"gb-text\"><\/p>\n<\/div>\n<\/div>\n","protected":false},"excerpt":{"rendered":"","protected":false},"author":1,"featured_media":0,"parent":0,"menu_order":0,"comment_status":"closed","ping_status":"open","template":"","meta":{"_seopress_robots_primary_cat":"","_seopress_titles_title":"","_seopress_titles_desc":"","_seopress_robots_index":"","footnotes":""},"class_list":["post-1175","page","type-page","status-publish"],"_links":{"self":[{"href":"https:\/\/ariana-garden.com\/es\/wp-json\/wp\/v2\/pages\/1175","targetHints":{"allow":["GET"]}}],"collection":[{"href":"https:\/\/ariana-garden.com\/es\/wp-json\/wp\/v2\/pages"}],"about":[{"href":"https:\/\/ariana-garden.com\/es\/wp-json\/wp\/v2\/types\/page"}],"author":[{"embeddable":true,"href":"https:\/\/ariana-garden.com\/es\/wp-json\/wp\/v2\/users\/1"}],"replies":[{"embeddable":true,"href":"https:\/\/ariana-garden.com\/es\/wp-json\/wp\/v2\/comments?post=1175"}],"version-history":[{"count":1,"href":"https:\/\/ariana-garden.com\/es\/wp-json\/wp\/v2\/pages\/1175\/revisions"}],"predecessor-version":[{"id":1176,"href":"https:\/\/ariana-garden.com\/es\/wp-json\/wp\/v2\/pages\/1175\/revisions\/1176"}],"wp:attachment":[{"href":"https:\/\/ariana-garden.com\/es\/wp-json\/wp\/v2\/media?parent=1175"}],"curies":[{"name":"wp","href":"https:\/\/api.w.org\/{rel}","templated":true}]}}