{"id":1181,"date":"2025-08-18T14:35:00","date_gmt":"2025-08-18T14:35:00","guid":{"rendered":"https:\/\/ariana-garden.com\/servicios\/"},"modified":"2025-09-25T11:44:11","modified_gmt":"2025-09-25T11:44:11","slug":"servicios","status":"publish","type":"page","link":"https:\/\/ariana-garden.com\/es\/servicios\/","title":{"rendered":"Servicios"},"content":{"rendered":"\n<div class=\"gb-element-33a99403\">\n<div class=\"gb-element-161a92dc\">\n<h1 class=\"gb-text gb-text-38016bd3\">Gestionamos todo el proceso para nuestros clientes, <em>desde el presupuesto hasta la entrega.<\/em><\/h1>\n<\/div>\n<\/div>\n\n<div class=\"gb-element-82539f11\">\n<div class=\"gb-element-ace29183\">\n<div>\n<img loading=\"lazy\" decoding=\"async\" width=\"768\" height=\"1988\" class=\"gb-media-7ee39e3a\" alt=\"Ariana-Garden-fresh-produce\" src=\"https:\/\/ariana-garden.com\/wp-content\/uploads\/2025\/08\/Ariana-Garden-fresh-produce-768x1988.jpg\" title=\"Ariana-Garden-fresh-produce\" srcset=\"https:\/\/ariana-garden.com\/wp-content\/uploads\/2025\/08\/Ariana-Garden-fresh-produce-768x1988.jpg 768w, https:\/\/ariana-garden.com\/wp-content\/uploads\/2025\/08\/Ariana-Garden-fresh-produce-116x300.jpg 116w, https:\/\/ariana-garden.com\/wp-content\/uploads\/2025\/08\/Ariana-Garden-fresh-produce-396x1024.jpg 396w, https:\/\/ariana-garden.com\/wp-content\/uploads\/2025\/08\/Ariana-Garden-fresh-produce-593x1536.jpg 593w, https:\/\/ariana-garden.com\/wp-content\/uploads\/2025\/08\/Ariana-Garden-fresh-produce-791x2048.jpg 791w, https:\/\/ariana-garden.com\/wp-content\/uploads\/2025\/08\/Ariana-Garden-fresh-produce-scaled.jpg 989w\" sizes=\"auto, (max-width: 768px) 100vw, 768px\" \/>\n<\/div>\n\n\n\n<div>\n<h5 class=\"wp-block-heading\">Para nosotros, una cosa es primordial: que sus productos frescos lleguen a su destino final de forma segura, puntual y con la mejor calidad. Gracias a nuestra experiencia y a nuestra fiable red de proveedores, importadores y socios log\u00edsticos, gestionamos todo el proceso de principio a fin. <\/h5>\n\n\n\n<details class=\"wp-block-details is-layout-flow wp-block-details-is-layout-flow\" open><summary><strong>Presupuestos y Pedidos<\/strong><\/summary>\n<p>Semanalmente, nuestros clientes reciben presupuestos transparentes (licitaciones) basados \u200b\u200ben FOT en nuestro almac\u00e9n. En cuanto llegan los pedidos, comenzamos a buscar de inmediato los productos adecuados para satisfacer sus necesidades. <\/p>\n<\/details>\n\n\n\n<details class=\"wp-block-details is-layout-flow wp-block-details-is-layout-flow\" open><summary><strong>Compras y Red<\/strong><\/summary>\n<p>Contamos con a\u00f1os de experiencia en frutas y verduras frescas y colaboramos con una red de confianza de proveedores e importadores de calidad. Esto nos permite seleccionar siempre los mejores productos. <\/p>\n<\/details>\n\n\n\n<details class=\"wp-block-details is-layout-flow wp-block-details-is-layout-flow\" open><summary><strong>Recogida e Inspecci\u00f3n<\/strong><\/summary>\n<p>dos los productos pedidos se recogen en nuestro almac\u00e9n y se inspeccionan cuidadosamente. Dado que el transporte suele ser largo, prestamos especial atenci\u00f3n a la calidad, la frescura y la vida \u00fatil. Tambi\u00e9n nos aseguramos de que se realicen todas las inspecciones legales obligatorias; siempre estamos presentes durante estas inspecciones.  <\/p>\n<\/details>\n\n\n\n<details class=\"wp-block-details is-layout-flow wp-block-details-is-layout-flow\" open><summary><strong>Documentos y Aduanas<\/strong><\/summary>\n<p>Nos encargamos de toda la documentaci\u00f3n necesaria para todo el proceso log\u00edstico. Cumplimos con las leyes y normativas internacionales, garantizando que los conductores puedan continuar su viaje sin preocupaciones. <\/p>\n<\/details>\n\n\n\n<details class=\"wp-block-details is-layout-flow wp-block-details-is-layout-flow\" open><summary><strong>Inspecci\u00f3n en Destino<\/strong><\/summary>\n<p>Para evitar retrasos, trabajamos con agentes y controladores de calidad en el destino final. De esta manera, tambi\u00e9n supervisamos la calidad y la rapidez de la entrega. <\/p>\n<\/details>\n\n\n\n<details class=\"wp-block-details is-layout-flow wp-block-details-is-layout-flow\" open><summary><strong>Servicio y Posventa<\/strong><\/summary>\n<p>Nuestro servicio no termina con la entrega. Ofrecemos un servicio posventa activo y estamos disponibles para preguntas o comentarios. As\u00ed es como construimos relaciones duraderas con nuestros clientes.  <\/p>\n<\/details>\n\n\n\n<blockquote class=\"wp-block-quote is-layout-flow wp-block-quote-is-layout-flow\"><cite>Cada cliente y cada mercado es diferente. Por eso ofrecemos soluciones flexibles y personalizadas, adaptadas a sus deseos y a los requisitos espec\u00edficos de sus clientes y su pa\u00eds. <\/cite><\/blockquote>\n<\/div>\n<\/div>\n<\/div>\n\n<div>\n<div class=\"gb-element-fb2a6bec\">\n<div class=\"gb-element-96f5bf82\">\n<div class=\"gb-element-477a830c\">\n<p class=\"gb-text gb-text-544256dd\">Crezcamos juntos<\/p>\n\n\n\n<div class=\"gb-text gb-text-1ed0f2b4\">Ya sea que est\u00e9 buscando productos frescos, una entrega confiable o una asociaci\u00f3n a largo plazo, estamos aqu\u00ed para ayudarlo.  <\/div>\n\n\n\n<div class=\"gb-element-0e96ce26\">\n<a class=\"gb-text-c8969d02\" href=\"https:\/\/ariana-garden.com\/contact\/\"><span class=\"gb-shape\"><svg xmlns=\"http:\/\/www.w3.org\/2000\/svg\" viewbox=\"0 0 46 22\"><path d=\"m45.41 9.59-9-9a2.004 2.004 0 0 0-3.42 1.42c0 .54.21 1.04.59 1.41l5.59 5.59H2c-1.1 0-2 .9-2 2s.9 2 2 2h37.17l-5.59 5.58c-.38.38-.59.88-.59 1.42s.21 1.04.59 1.41c.38.38.88.59 1.42.59s1.04-.21 1.41-.59l9-9c.38-.38.59-.88.59-1.42 0-.53-.21-1.04-.59-1.41Z\"><\/path><\/svg><\/span><span class=\"gb-text\">Descubra lo que podemos lograr juntos<\/span><\/a>\n<\/div>\n<\/div>\n\n\n\n<div class=\"gb-element-93d5c289\">\n<img loading=\"lazy\" decoding=\"async\" width=\"1440\" height=\"960\" class=\"gb-media-1304dcf7\" src=\"https:\/\/ariana-garden.com\/wp-content\/uploads\/2025\/08\/peren.png\" title=\"AG\" alt=\"\" srcset=\"https:\/\/ariana-garden.com\/wp-content\/uploads\/2025\/08\/peren.png 1440w, https:\/\/ariana-garden.com\/wp-content\/uploads\/2025\/08\/peren-300x200.png 300w, https:\/\/ariana-garden.com\/wp-content\/uploads\/2025\/08\/peren-1024x683.png 1024w, https:\/\/ariana-garden.com\/wp-content\/uploads\/2025\/08\/peren-768x512.png 768w\" sizes=\"auto, (max-width: 1440px) 100vw, 1440px\" \/>\n<\/div>\n<\/div>\n<\/div>\n<\/div>\n","protected":false},"excerpt":{"rendered":"<p>Gestionamos todo el proceso para nuestros clientes, desde el presupuesto hasta la entrega. Para nosotros, una cosa es primordial: que sus productos frescos lleguen a su destino final de forma &#8230; <\/p>\n<p class=\"read-more-container\"><a title=\"Servicios\" class=\"read-more button\" href=\"https:\/\/ariana-garden.com\/es\/servicios\/#more-1181\" aria-label=\"Leer m\u00e1s sobre Servicios\">Lees meer<\/a><\/p>\n","protected":false},"author":1,"featured_media":0,"parent":0,"menu_order":0,"comment_status":"closed","ping_status":"closed","template":"","meta":{"_seopress_robots_primary_cat":"","_seopress_titles_title":"","_seopress_titles_desc":"","_seopress_robots_index":"","footnotes":""},"class_list":["post-1181","page","type-page","status-publish"],"_links":{"self":[{"href":"https:\/\/ariana-garden.com\/es\/wp-json\/wp\/v2\/pages\/1181","targetHints":{"allow":["GET"]}}],"collection":[{"href":"https:\/\/ariana-garden.com\/es\/wp-json\/wp\/v2\/pages"}],"about":[{"href":"https:\/\/ariana-garden.com\/es\/wp-json\/wp\/v2\/types\/page"}],"author":[{"embeddable":true,"href":"https:\/\/ariana-garden.com\/es\/wp-json\/wp\/v2\/users\/1"}],"replies":[{"embeddable":true,"href":"https:\/\/ariana-garden.com\/es\/wp-json\/wp\/v2\/comments?post=1181"}],"version-history":[{"count":1,"href":"https:\/\/ariana-garden.com\/es\/wp-json\/wp\/v2\/pages\/1181\/revisions"}],"predecessor-version":[{"id":1183,"href":"https:\/\/ariana-garden.com\/es\/wp-json\/wp\/v2\/pages\/1181\/revisions\/1183"}],"wp:attachment":[{"href":"https:\/\/ariana-garden.com\/es\/wp-json\/wp\/v2\/media?parent=1181"}],"curies":[{"name":"wp","href":"https:\/\/api.w.org\/{rel}","templated":true}]}}