{"id":1190,"date":"2025-08-25T12:02:25","date_gmt":"2025-08-25T12:02:25","guid":{"rendered":"https:\/\/ariana-garden.com\/politica-de-cookies\/"},"modified":"2025-09-25T12:29:47","modified_gmt":"2025-09-25T12:29:47","slug":"politica-de-cookies","status":"publish","type":"page","link":"https:\/\/ariana-garden.com\/es\/politica-de-cookies\/","title":{"rendered":"Pol\u00edtica de Cookies."},"content":{"rendered":"\n<div class=\"gb-element-46b80ebe\">\n<div>\n<p class=\"gb-text\">\u00daltima actualizaci\u00f3n: 25 de agosto de 2025<\/p>\n\n\n\n<h1 class=\"gb-text\"><strong>Pol\u00edtica de Cookies.<\/strong><\/h1>\n<\/div>\n\n\n\n<div>\n<h2 class=\"wp-block-heading\">1. \u00bfQu\u00e9 son las cookies?<\/h2>\n\n\n\n<p>Las cookies son peque\u00f1os archivos de texto que se almacenan en su ordenador, tableta o smartphone cuando visita nuestro sitio web.<br\/>Se utilizan para garantizar el correcto funcionamiento de nuestro sitio web, analizar el uso y recordar sus preferencias.<\/p>\n\n\n\n<h2 class=\"wp-block-heading\">2. Tipos de cookies que utilizamos<\/h2>\n\n\n\n<p>Utilizamos los siguientes tipos de cookies:<\/p>\n\n\n\n<ul class=\"wp-block-list\">\n<li><strong>Cookies de marketing<\/strong><br\/>Estas cookies nos permiten rastrear a los visitantes y mostrar anuncios relevantes (solo si contamos con su consentimiento)<\/li>\n\n\n\n<li><strong>Cookies funcionales<\/strong><br\/>Necesarias para el funcionamiento del sitio web. Sin estas cookies, algunas partes del sitio web no funcionar\u00e1n correctamente. <\/li>\n\n\n\n<li><strong>Cookies anal\u00edticas<\/strong><br\/>Utilizamos estas cookies para analizar el uso del sitio web, por ejemplo, a trav\u00e9s de Google Analytics. Esto nos ayuda a mejorar el sitio. <\/li>\n<\/ul>\n\n\n\n<h2 class=\"wp-block-heading\">3. Consentimiento<\/h2>\n\n\n\n<p>En su primera visita a nuestro sitio web, le mostraremos una notificaci\u00f3n sobre las cookies que utilizamos.<br\/>Puede indicar si acepta solo las cookies funcionales o tambi\u00e9n las cookies anal\u00edticas y de marketing.<\/p>\n\n\n\n<h2 class=\"wp-block-heading\">4. Cookies de terceros<\/h2>\n\n\n\n<p>Algunas cookies son instaladas por terceros, por ejemplo, a trav\u00e9s de contenido incrustado (como v\u00eddeos de YouTube) o herramientas de an\u00e1lisis como Google Analytics.<br\/>No siempre tenemos control sobre esto; para obtener m\u00e1s informaci\u00f3n, consulte las pol\u00edticas de cookies de estos terceros.<\/p>\n\n\n\n<h2 class=\"wp-block-heading\">5. Gesti\u00f3n y eliminaci\u00f3n de cookies<\/h2>\n\n\n\n<p>Puede eliminar o bloquear las cookies manualmente a trav\u00e9s de la configuraci\u00f3n de su navegador de internet.<br\/>Tenga en cuenta que algunas funciones del sitio web podr\u00edan no funcionar correctamente si desactiva las cookies.<br\/>Para obtener instrucciones, consulte la funci\u00f3n de ayuda de su navegador.<\/p>\n\n\n\n<h2 class=\"wp-block-heading\">6. Datos de contacto<\/h2>\n\n\n\n<p>Si tiene alguna pregunta sobre nuestra pol\u00edtica de cookies, p\u00f3ngase en contacto con nosotros en:<\/p>\n\n\n\n<pre class=\"wp-block-verse\">Ariana Garden B.V.<br\/>Peterselieweg 70B<br\/>2988 DH Ridderkerk<br\/>Pa\u00edses Bajos<br\/>Correo electr\u00f3nico: sales@ariana-garden.com<br\/>Tel\u00e9fono: +31(0)618862242<\/pre>\n<\/div>\n<\/div>\n","protected":false},"excerpt":{"rendered":"<p>\u00daltima actualizaci\u00f3n: 25 de agosto de 2025 Pol\u00edtica de Cookies. 1. \u00bfQu\u00e9 son las cookies? Las cookies son peque\u00f1os archivos de texto que se almacenan en su ordenador, tableta o &#8230; <\/p>\n<p class=\"read-more-container\"><a title=\"Pol\u00edtica de Cookies.\" class=\"read-more button\" href=\"https:\/\/ariana-garden.com\/es\/politica-de-cookies\/#more-1190\" aria-label=\"Leer m\u00e1s sobre Pol\u00edtica de Cookies.\">Lees meer<\/a><\/p>\n","protected":false},"author":1,"featured_media":0,"parent":0,"menu_order":0,"comment_status":"closed","ping_status":"closed","template":"","meta":{"_seopress_robots_primary_cat":"","_seopress_titles_title":"","_seopress_titles_desc":"","_seopress_robots_index":"","footnotes":""},"class_list":["post-1190","page","type-page","status-publish"],"_links":{"self":[{"href":"https:\/\/ariana-garden.com\/es\/wp-json\/wp\/v2\/pages\/1190","targetHints":{"allow":["GET"]}}],"collection":[{"href":"https:\/\/ariana-garden.com\/es\/wp-json\/wp\/v2\/pages"}],"about":[{"href":"https:\/\/ariana-garden.com\/es\/wp-json\/wp\/v2\/types\/page"}],"author":[{"embeddable":true,"href":"https:\/\/ariana-garden.com\/es\/wp-json\/wp\/v2\/users\/1"}],"replies":[{"embeddable":true,"href":"https:\/\/ariana-garden.com\/es\/wp-json\/wp\/v2\/comments?post=1190"}],"version-history":[{"count":1,"href":"https:\/\/ariana-garden.com\/es\/wp-json\/wp\/v2\/pages\/1190\/revisions"}],"predecessor-version":[{"id":1191,"href":"https:\/\/ariana-garden.com\/es\/wp-json\/wp\/v2\/pages\/1190\/revisions\/1191"}],"wp:attachment":[{"href":"https:\/\/ariana-garden.com\/es\/wp-json\/wp\/v2\/media?parent=1190"}],"curies":[{"name":"wp","href":"https:\/\/api.w.org\/{rel}","templated":true}]}}