{"id":1158,"date":"2025-06-30T14:10:47","date_gmt":"2025-06-30T14:10:47","guid":{"rendered":"https:\/\/ariana-garden.com\/despre-noi\/"},"modified":"2025-09-25T11:09:38","modified_gmt":"2025-09-25T11:09:38","slug":"despre-noi","status":"publish","type":"page","link":"https:\/\/ariana-garden.com\/ro\/despre-noi\/","title":{"rendered":"Despre noi"},"content":{"rendered":"\n<div class=\"gb-element-33a99403\">\n<div class=\"gb-element-161a92dc\">\n<h1 class=\"gb-text gb-text-38016bd3\"><strong>Ariana Garden<\/strong> este cel mai de \u00eencredere partener al dumneavoastr\u0103 \u00een industria fructelor \u0219i legumelor.<\/h1>\n<\/div>\n<\/div>\n\n<div class=\"gb-element-82539f11\">\n<div class=\"gb-element-ace29183\">\n<div>\n<img loading=\"lazy\" decoding=\"async\" width=\"1533\" height=\"2308\" class=\"gb-media-7ee39e3a\" alt=\"Ariana-Garden-broccoli\" src=\"https:\/\/ariana-garden.com\/wp-content\/uploads\/2025\/08\/Ariana-Garden-broccoli.jpg\" title=\"Ariana-Garden-broccoli\" srcset=\"https:\/\/ariana-garden.com\/wp-content\/uploads\/2025\/08\/Ariana-Garden-broccoli.jpg 1533w, https:\/\/ariana-garden.com\/wp-content\/uploads\/2025\/08\/Ariana-Garden-broccoli-199x300.jpg 199w, https:\/\/ariana-garden.com\/wp-content\/uploads\/2025\/08\/Ariana-Garden-broccoli-680x1024.jpg 680w, https:\/\/ariana-garden.com\/wp-content\/uploads\/2025\/08\/Ariana-Garden-broccoli-768x1156.jpg 768w, https:\/\/ariana-garden.com\/wp-content\/uploads\/2025\/08\/Ariana-Garden-broccoli-1020x1536.jpg 1020w, https:\/\/ariana-garden.com\/wp-content\/uploads\/2025\/08\/Ariana-Garden-broccoli-1360x2048.jpg 1360w\" sizes=\"auto, (max-width: 1533px) 100vw, 1533px\" \/>\n<\/div>\n\n\n\n<div>\n<p>De la \u00eenceput p\u00e2n\u0103 la sf\u00e2r\u0219it, fructele \u0219i legumele trebuie manipulate cu grij\u0103. Aceasta \u00eenseamn\u0103 c\u0103 fiecare etap\u0103 a lan\u021bului de aprovizionare trebuie atent analizat\u0103 pentru a garanta calitatea de la surs\u0103 p\u00e2n\u0103 la farfurie. C\u00e2nd cump\u0103ra\u021bi ce? Ce material de ambalare se aliniaz\u0103 cu valorile fundamentale ale companiei dumneavoastr\u0103? Din ce \u021bar\u0103 importa\u021bi? Sunt toate documentele \u0219i certificatele \u00een regul\u0103? Ariana Garden poate oferi \u0219i implementa aceste \u00eentreb\u0103ri cu sfaturi personalizate.      <\/p>\n\n\n\n<p>Un partener de \u00eencredere care v\u0103 ascult\u0103 nevoile este crucial. <strong>Ariana Garden<\/strong> este \u00eentotdeauna gata s\u0103 \u00ee\u0219i asiste clien\u021bii, construind o rela\u021bie de durat\u0103. V\u0103 ghid\u0103m c\u0103tre fructe \u0219i legume de cea mai \u00eenalt\u0103 calitate, cu certificatele potrivite \u0219i cele mai bune ambalaje. <\/p>\n\n\n\n<p><strong>Ariana Garden<\/strong>, fondat\u0103 \u00een 2021, este o companie interna\u021bional\u0103 t\u00e2n\u0103r\u0103 \u0219i dinamic\u0103, cu ani de experien\u021b\u0103 \u00een sectorul produselor proaspete. De\u021binem o vast\u0103 expertiz\u0103 \u0219i o re\u021bea interna\u021bional\u0103 extins\u0103. Avem contacte excelente, \u00een special \u00een Europa de Est, cu care colabor\u0103m \u00eendeaproape ca o companie multilingv\u0103.  <\/p>\n\n\n\n<div>\n<span class=\"gb-shape gb-shape-9a024bd3\"><svg xmlns=\"http:\/\/www.w3.org\/2000\/svg\" viewbox=\"0 0 196.31 155.84\"><path d=\"M0 107.46C0 73.96 32.56 25.12 58.61 0l15.35 13.03c-14.89 18.61-24.65 35.82-30.7 56.29 30.7 0 46.05 21.4 46.05 43.26s-15.35 43.26-44.66 43.26S0 134.44 0 107.46Zm106.53 0c0-33.49 33.03-82.34 59.08-107.46l14.89 13.03c-14.42 18.61-24.65 35.82-30.24 56.29 30.7 0 46.05 21.4 46.05 43.26s-15.82 43.26-44.66 43.26-45.12-21.4-45.12-48.38Z\"><\/path><\/svg><\/span>\n\n\n\n<h3 class=\"gb-text gb-text-404fc02d\">Prioritatea noastr\u0103 este s\u0103 ne asigur\u0103m c\u0103 totul func\u021bioneaz\u0103 f\u0103r\u0103 probleme. V\u0103 oferim produsele proaspete de care ave\u021bi nevoie \u0219i ne asigur\u0103m c\u0103 \u00eentregul proces se desf\u0103\u0219oar\u0103 f\u0103r\u0103 probleme. Verific\u0103m documentele, furniz\u0103m documenta\u021bia corect\u0103 \u0219i asigur\u0103m ambalarea \u0219i etichetarea.  <\/h3>\n\n\n\n<p class=\"gb-text gb-text-3cdf772b\">\u2013 Ecaterina Turcan,&nbsp;<em>Managing Director<\/em><\/p>\n<\/div>\n<\/div>\n<\/div>\n<\/div>\n\n<div class=\"gb-element-35f6ab7d\">\n<div class=\"gb-element-fb2a6bec\">\n<div class=\"gb-element-96f5bf82\">\n<div class=\"gb-element-477a830c\">\n<p class=\"gb-text gb-text-544256dd\">Hai s\u0103 cre\u0219tem \u00eempreun\u0103<\/p>\n\n\n\n<div class=\"gb-text gb-text-1ed0f2b4\">Indiferent dac\u0103 sunte\u021bi \u00een c\u0103utarea unor produse proaspete, a unei livr\u0103ri fiabile sau a unui parteneriat pe termen lung, suntem aici pentru dumneavoastr\u0103.  <\/div>\n\n\n\n<div class=\"gb-element-0e96ce26\">\n<a class=\"gb-text-c8969d02\" href=\"https:\/\/ariana-garden.com\/contact\/\"><span class=\"gb-shape\"><svg xmlns=\"http:\/\/www.w3.org\/2000\/svg\" viewbox=\"0 0 46 22\"><path d=\"m45.41 9.59-9-9a2.004 2.004 0 0 0-3.42 1.42c0 .54.21 1.04.59 1.41l5.59 5.59H2c-1.1 0-2 .9-2 2s.9 2 2 2h37.17l-5.59 5.58c-.38.38-.59.88-.59 1.42s.21 1.04.59 1.41c.38.38.88.59 1.42.59s1.04-.21 1.41-.59l9-9c.38-.38.59-.88.59-1.42 0-.53-.21-1.04-.59-1.41Z\"><\/path><\/svg><\/span><span class=\"gb-text\">Descoper\u0103 ce putem realiza \u00eempreun\u0103<\/span><\/a>\n<\/div>\n<\/div>\n\n\n\n<div class=\"gb-element-93d5c289\">\n<img loading=\"lazy\" decoding=\"async\" width=\"1440\" height=\"960\" class=\"gb-media-1304dcf7\" src=\"https:\/\/ariana-garden.com\/wp-content\/uploads\/2025\/08\/peren.png\" title=\"AG\" alt=\"\" srcset=\"https:\/\/ariana-garden.com\/wp-content\/uploads\/2025\/08\/peren.png 1440w, https:\/\/ariana-garden.com\/wp-content\/uploads\/2025\/08\/peren-300x200.png 300w, https:\/\/ariana-garden.com\/wp-content\/uploads\/2025\/08\/peren-1024x683.png 1024w, https:\/\/ariana-garden.com\/wp-content\/uploads\/2025\/08\/peren-768x512.png 768w\" sizes=\"auto, (max-width: 1440px) 100vw, 1440px\" \/>\n<\/div>\n<\/div>\n<\/div>\n<\/div>\n","protected":false},"excerpt":{"rendered":"<p>Ariana Garden este cel mai de \u00eencredere partener al dumneavoastr\u0103 \u00een industria fructelor \u0219i legumelor. De la \u00eenceput p\u00e2n\u0103 la sf\u00e2r\u0219it, fructele \u0219i legumele trebuie manipulate cu grij\u0103. Aceasta \u00eenseamn\u0103 &#8230; <\/p>\n<p class=\"read-more-container\"><a title=\"Despre noi\" class=\"read-more button\" href=\"https:\/\/ariana-garden.com\/ro\/despre-noi\/#more-1158\" aria-label=\"Cite\u0219te mai multe despre Despre noi\">Lees meer<\/a><\/p>\n","protected":false},"author":1,"featured_media":0,"parent":0,"menu_order":0,"comment_status":"closed","ping_status":"closed","template":"","meta":{"_seopress_robots_primary_cat":"","_seopress_titles_title":"","_seopress_titles_desc":"","_seopress_robots_index":"","footnotes":""},"class_list":["post-1158","page","type-page","status-publish"],"_links":{"self":[{"href":"https:\/\/ariana-garden.com\/ro\/wp-json\/wp\/v2\/pages\/1158","targetHints":{"allow":["GET"]}}],"collection":[{"href":"https:\/\/ariana-garden.com\/ro\/wp-json\/wp\/v2\/pages"}],"about":[{"href":"https:\/\/ariana-garden.com\/ro\/wp-json\/wp\/v2\/types\/page"}],"author":[{"embeddable":true,"href":"https:\/\/ariana-garden.com\/ro\/wp-json\/wp\/v2\/users\/1"}],"replies":[{"embeddable":true,"href":"https:\/\/ariana-garden.com\/ro\/wp-json\/wp\/v2\/comments?post=1158"}],"version-history":[{"count":1,"href":"https:\/\/ariana-garden.com\/ro\/wp-json\/wp\/v2\/pages\/1158\/revisions"}],"predecessor-version":[{"id":1161,"href":"https:\/\/ariana-garden.com\/ro\/wp-json\/wp\/v2\/pages\/1158\/revisions\/1161"}],"wp:attachment":[{"href":"https:\/\/ariana-garden.com\/ro\/wp-json\/wp\/v2\/media?parent=1158"}],"curies":[{"name":"wp","href":"https:\/\/api.w.org\/{rel}","templated":true}]}}