{"id":1169,"date":"2025-07-04T18:17:14","date_gmt":"2025-07-04T18:17:14","guid":{"rendered":"https:\/\/ariana-garden.com\/contact\/"},"modified":"2025-09-25T11:25:55","modified_gmt":"2025-09-25T11:25:55","slug":"contact","status":"publish","type":"page","link":"https:\/\/ariana-garden.com\/ro\/contact\/","title":{"rendered":"Contact"},"content":{"rendered":"\n<div class=\"gb-element-33a99403\">\n<div class=\"gb-element-161a92dc\">\n<h1 class=\"gb-text gb-text-38016bd3\">Contact<\/h1>\n<\/div>\n<\/div>\n\n<div class=\"gb-element-82539f11\">\n<div class=\"gb-element-7c71c7a0\">\n<div class=\"gb-element-53717f45\">\n<h2 class=\"gb-text\">S\u0103 cre\u0219tem \u00eempreun\u0103<\/h2>\n\n\n\n<p class=\"gb-text gb-text-f95c2fb5\">Ave\u021bi \u00eentreb\u0103ri despre serviciile noastre de fructe \u0219i legume proaspete, dori\u021bi s\u0103 solicita\u021bi o ofert\u0103 de pre\u021b sau c\u0103uta\u021bi un partener de import \u0219i export de \u00eencredere?<br>Echipa noastr\u0103 din Rotterdam este gata s\u0103 v\u0103 asiste cu servicii rapide, personalizate \u0219i profesionale.<\/p>\n\n\n\n<div class=\"gb-element-bbce4dff\">\n<div class=\"gb-element-ce4e7dba\">\n<img loading=\"lazy\" decoding=\"async\" width=\"768\" height=\"814\" class=\"gb-media-7ee39e3a\" alt=\"\" src=\"https:\/\/ariana-garden.com\/wp-content\/uploads\/2025\/08\/conf-first-e1755249674587.jpeg\" title=\"conf-first\" srcset=\"https:\/\/ariana-garden.com\/wp-content\/uploads\/2025\/08\/conf-first-e1755249674587.jpeg 768w, https:\/\/ariana-garden.com\/wp-content\/uploads\/2025\/08\/conf-first-e1755249674587-283x300.jpeg 283w\" sizes=\"auto, (max-width: 768px) 100vw, 768px\" \/>\n<\/div>\n\n\n\n<div>\n<p class=\"gb-text gbp-section__text--sm gb-text-0d7e96dd\">La dispozi\u021bia dumneavoastr\u0103!<\/p>\n\n\n\n<p class=\"gb-text gbp-section__text--sm gb-text-ff0454b1\"><em>\u2013 Ecaterina Turcan<\/em><\/p>\n<\/div>\n<\/div>\n<\/div>\n\n\n\n<div>\n<div class=\"wp-block-columns is-layout-flex wp-container-core-columns-is-layout-9d6595d7 wp-block-columns-is-layout-flex\">\n<div class=\"wp-block-column is-layout-flow wp-block-column-is-layout-flow\" style=\"flex-basis:33.33%\">\n<p class=\"gb-text\">V\u00e2nz\u0103ri<\/p>\n\n\n\n<p class=\"gb-text\">Logistica<\/p>\n\n\n\n<p class=\"gb-text\">Administra\u021bie<\/p>\n<\/div>\n\n\n\n<div class=\"wp-block-column is-layout-flow wp-block-column-is-layout-flow\" style=\"flex-basis:66.66%\">\n<p class=\"gb-text\"><strong><mark style=\"background-color:rgba(0, 0, 0, 0)\" class=\"has-inline-color has-accent-color\">+31 (0) 618 862 242<\/mark><\/strong><\/p>\n\n\n\n<p class=\"gb-text\"><strong><mark style=\"background-color:rgba(0, 0, 0, 0)\" class=\"has-inline-color has-accent-color\">+31 (0) 643 268 768<\/mark><\/strong><\/p>\n\n\n\n<p class=\"gb-text\"><strong><mark style=\"background-color:rgba(0, 0, 0, 0)\" class=\"has-inline-color has-accent-color\">+31 (0) 638 577 339<\/mark><\/strong><\/p>\n<\/div>\n<\/div>\n\n\n\n<div class=\"wp-block-columns is-layout-flex wp-container-core-columns-is-layout-9d6595d7 wp-block-columns-is-layout-flex\">\n<div class=\"wp-block-column is-layout-flow wp-block-column-is-layout-flow\" style=\"flex-basis:33.33%\">\n<p class=\"gb-text\">Email<\/p>\n<\/div>\n\n\n\n<div class=\"wp-block-column is-layout-flow wp-block-column-is-layout-flow\" style=\"flex-basis:66.66%\">\n<p class=\"gb-text\"><a href=\"mailto:sales@ariana-garden.com\"><strong>sales@ariana-garden.com<\/strong><\/a><\/p>\n<\/div>\n<\/div>\n\n\n\n<div class=\"wp-block-columns is-layout-flex wp-container-core-columns-is-layout-9d6595d7 wp-block-columns-is-layout-flex\">\n<div class=\"wp-block-column is-layout-flow wp-block-column-is-layout-flow\" style=\"flex-basis:33.33%\">\n<p class=\"gb-text\">Sediu central<\/p>\n<\/div>\n\n\n\n<div class=\"wp-block-column is-layout-flow wp-block-column-is-layout-flow\" style=\"flex-basis:66.66%\">\n<p class=\"gb-text\"><strong>Peterselieweg 70 B<br>2988 DH Ridderkerk<br>Olanda<\/strong><\/p>\n<\/div>\n<\/div>\n\n\n\n<iframe src=\"https:\/\/www.google.com\/maps\/embed?pb=!1m18!1m12!1m3!1d435.5466516556186!2d4.569701733362417!3d51.86417116030826!2m3!1f0!2f0!3f0!3m2!1i1024!2i768!4f13.1!3m3!1m2!1s0x47c4334cbefeec2f%3A0x4d6d4ab44f6a6973!2sAriana%20Garden%20B.V.!5e0!3m2!1snl!2snl!4v1755266651955!5m2!1snl!2snl\" width=\"100%\" height=\"300px\" style=\"border:0;\" allowfullscreen=\"\" loading=\"lazy\" referrerpolicy=\"no-referrer-when-downgrade\"><\/iframe>\n<\/div>\n<\/div>\n<\/div>\n\n<div>\n<div class=\"gb-element-fb2a6bec\">\n<div class=\"gb-element-96f5bf82\">\n<div class=\"gb-element-477a830c\">\n<div class=\"gb-text gb-text-1ed0f2b4\">\u00cempreun\u0103 aducem cea mai bun\u0103 calitate din \u021bar\u0103 pe pia\u021ba dumneavoastr\u0103.<\/div>\n\n\n\n<div class=\"gb-element-0e96ce26\">\n<a class=\"gb-text-c8969d02\" href=\"mailto:sales@ariana-garden.com\"><span class=\"gb-shape\"><svg xmlns=\"http:\/\/www.w3.org\/2000\/svg\" viewbox=\"0 0 46 22\"><path d=\"m45.41 9.59-9-9a2.004 2.004 0 0 0-3.42 1.42c0 .54.21 1.04.59 1.41l5.59 5.59H2c-1.1 0-2 .9-2 2s.9 2 2 2h37.17l-5.59 5.58c-.38.38-.59.88-.59 1.42s.21 1.04.59 1.41c.38.38.88.59 1.42.59s1.04-.21 1.41-.59l9-9c.38-.38.59-.88.59-1.42 0-.53-.21-1.04-.59-1.41Z\"><\/path><\/svg><\/span><span class=\"gb-text\">Contacta\u021bi-ne ast\u0103zi \u0219i descoperi\u021bi ce putem realiza \u00eempreun\u0103.<\/span><\/a>\n<\/div>\n<\/div>\n\n\n\n<div class=\"gb-element-93d5c289\">\n<img loading=\"lazy\" decoding=\"async\" width=\"1440\" height=\"960\" class=\"gb-media-1304dcf7\" src=\"https:\/\/ariana-garden.com\/wp-content\/uploads\/2025\/08\/peren.png\" title=\"AG\" alt=\"\" srcset=\"https:\/\/ariana-garden.com\/wp-content\/uploads\/2025\/08\/peren.png 1440w, https:\/\/ariana-garden.com\/wp-content\/uploads\/2025\/08\/peren-300x200.png 300w, https:\/\/ariana-garden.com\/wp-content\/uploads\/2025\/08\/peren-1024x683.png 1024w, https:\/\/ariana-garden.com\/wp-content\/uploads\/2025\/08\/peren-768x512.png 768w\" sizes=\"auto, (max-width: 1440px) 100vw, 1440px\" \/>\n<\/div>\n<\/div>\n<\/div>\n<\/div>\n","protected":false},"excerpt":{"rendered":"<p>Contact S\u0103 cre\u0219tem \u00eempreun\u0103 Ave\u021bi \u00eentreb\u0103ri despre serviciile noastre de fructe \u0219i legume proaspete, dori\u021bi s\u0103 solicita\u021bi o ofert\u0103 de pre\u021b sau c\u0103uta\u021bi un partener de import \u0219i export de &#8230; <\/p>\n<p class=\"read-more-container\"><a title=\"Contact\" class=\"read-more button\" href=\"https:\/\/ariana-garden.com\/ro\/contact\/#more-1169\" aria-label=\"Cite\u0219te mai multe despre Contact\">Lees meer<\/a><\/p>\n","protected":false},"author":1,"featured_media":1170,"parent":0,"menu_order":0,"comment_status":"closed","ping_status":"closed","template":"","meta":{"_seopress_robots_primary_cat":"","_seopress_titles_title":"","_seopress_titles_desc":"Ave\u021bi \u00eentreb\u0103ri despre serviciile noastre de fructe \u0219i legume proaspete, dori\u021bi s\u0103 solicita\u021bi o ofert\u0103 de pre\u021b sau c\u0103uta\u021bi un partener de import \u0219i export de \u00eencredere? Contacta\u021bi-ne. ","_seopress_robots_index":"","footnotes":""},"class_list":["post-1169","page","type-page","status-publish","has-post-thumbnail"],"_links":{"self":[{"href":"https:\/\/ariana-garden.com\/ro\/wp-json\/wp\/v2\/pages\/1169","targetHints":{"allow":["GET"]}}],"collection":[{"href":"https:\/\/ariana-garden.com\/ro\/wp-json\/wp\/v2\/pages"}],"about":[{"href":"https:\/\/ariana-garden.com\/ro\/wp-json\/wp\/v2\/types\/page"}],"author":[{"embeddable":true,"href":"https:\/\/ariana-garden.com\/ro\/wp-json\/wp\/v2\/users\/1"}],"replies":[{"embeddable":true,"href":"https:\/\/ariana-garden.com\/ro\/wp-json\/wp\/v2\/comments?post=1169"}],"version-history":[{"count":1,"href":"https:\/\/ariana-garden.com\/ro\/wp-json\/wp\/v2\/pages\/1169\/revisions"}],"predecessor-version":[{"id":1171,"href":"https:\/\/ariana-garden.com\/ro\/wp-json\/wp\/v2\/pages\/1169\/revisions\/1171"}],"wp:featuredmedia":[{"embeddable":true,"href":"https:\/\/ariana-garden.com\/ro\/wp-json\/wp\/v2\/media\/1170"}],"wp:attachment":[{"href":"https:\/\/ariana-garden.com\/ro\/wp-json\/wp\/v2\/media?parent=1169"}],"curies":[{"name":"wp","href":"https:\/\/api.w.org\/{rel}","templated":true}]}}