{"id":1179,"date":"2025-08-14T10:53:04","date_gmt":"2025-08-14T10:53:04","guid":{"rendered":"https:\/\/ariana-garden.com\/politica-de-confidentialitate\/"},"modified":"2025-09-25T11:35:19","modified_gmt":"2025-09-25T11:35:19","slug":"politica-de-confidentialitate","status":"publish","type":"page","link":"https:\/\/ariana-garden.com\/ro\/politica-de-confidentialitate\/","title":{"rendered":"Politica de confiden\u021bialitate"},"content":{"rendered":"\n<div class=\"gb-element-189d95cc\">\n<div>\n<p class=\"gb-text\">Ultima actualizare &#8211; 15 august 2025<\/p>\n\n\n\n<h1 class=\"gb-text\"><strong>Politica de confiden\u021bialitate<\/strong> .<\/h1>\n<\/div>\n\n\n\n<div>\n<h2 class=\"wp-block-heading\">1. Generalit\u0103\u021bi<\/h2>\n\n\n\n<p><strong>Ariana Garden BV<\/strong> , cu sediul la <strong>Peterselieweg 70B, 2988 DH Ridderkerk \u00een Olanda<\/strong> , este responsabil\u0103 pentru prelucrarea datelor cu caracter personal, a\u0219a cum se arat\u0103 \u00een aceast\u0103 declara\u021bie de confiden\u021bialitate.<br\/> Acord\u0103m o importan\u021b\u0103 deosebit\u0103 protec\u021biei datelor dumneavoastr\u0103 cu caracter personal \u0219i le trat\u0103m cu aten\u021bie \u0219i confiden\u021bialitate, \u00een conformitate cu Regulamentul general privind protec\u021bia datelor (GDPR).<\/p>\n\n\n\n<h2 class=\"wp-block-heading\">2. Date cu caracter personal pe care le prelucr\u0103m<\/h2>\n\n\n\n<p>Prelucr\u0103m datele dumneavoastr\u0103 cu caracter personal deoarece utiliza\u021bi serviciile noastre \u0219i\/sau pentru c\u0103 ni le furniza\u021bi dumneavoastr\u0103 \u00een\u0219iv\u0103. Mai jos este o prezentare general\u0103 a datelor pe care le (am putea) prelucra: <\/p>\n\n\n\n<pre class=\"wp-block-verse\">Numele \u0219i numele companiei<br\/> Detalii adres\u0103 (strad\u0103, cod po\u0219tal, ora\u0219, \u021bar\u0103)<br\/> Num\u0103r de telefon<br\/> Adresa de e-mail<br\/> TVA \u0219i num\u0103r de \u00eenregistrare la Camera de Comer\u021b (dac\u0103 este o firm\u0103)<br\/> Detalii bancare (pentru pl\u0103\u021bi)<br\/> Adresa IP \u0219i datele tehnice despre utilizarea de c\u0103tre dvs. a site-ului nostru web<\/pre>\n\n\n\n<p>Orice alte date pe care le furniza\u021bi \u00een mod activ (de exemplu, prin intermediul unui formular de contact sau prin e-mail)<\/p>\n\n\n\n<h2 class=\"wp-block-heading\">3. Scopurile prelucr\u0103rii datelor<\/h2>\n\n\n\n<p>Prelucr\u0103m datele dumneavoastr\u0103 cu caracter personal \u00een urm\u0103toarele scopuri:<\/p>\n\n\n\n<ul class=\"wp-block-list\">\n<li>Procesarea comenzii sau solicit\u0103rii dumneavoastr\u0103<\/li>\n\n\n\n<li>Trimiterea ofertelor, confirm\u0103rilor de comand\u0103 \u0219i facturilor<\/li>\n\n\n\n<li>Men\u021binerea contactului cu privire la livr\u0103ri, servicii sau \u00eentreb\u0103ri<\/li>\n\n\n\n<li>Respectarea obliga\u021biilor legale (cum ar fi legisla\u021bia fiscal\u0103)<\/li>\n\n\n\n<li>\u00cembun\u0103t\u0103\u021birea site-ului web \u0219i a serviciilor noastre<\/li>\n<\/ul>\n\n\n\n<h2 class=\"wp-block-heading\">4. Temeiul prelucr\u0103rii<\/h2>\n\n\n\n<p>Prelucr\u0103m datele dumneavoastr\u0103 cu caracter personal numai dac\u0103 exist\u0103 un temei legal pentru a face acest lucru, cum ar fi:<\/p>\n\n\n\n<ul class=\"wp-block-list\">\n<li>Consim\u021b\u0103m\u00e2ntul dumneavoastr\u0103<\/li>\n\n\n\n<li>Executarea unui acord<\/li>\n\n\n\n<li>O obliga\u021bie legal\u0103<\/li>\n\n\n\n<li>Interesul nostru legitim (de exemplu, marketing c\u0103tre clien\u021bii existen\u021bi)<\/li>\n<\/ul>\n\n\n\n<h2 class=\"wp-block-heading\">5. Perioada de p\u0103strare<\/h2>\n\n\n\n<p>Nu stoc\u0103m datele dumneavoastr\u0103 cu caracter personal mai mult dec\u00e2t este strict necesar pentru atingerea scopurilor pentru care sunt colectate, cu excep\u021bia cazului \u00een care suntem obliga\u021bi prin lege s\u0103 stoc\u0103m datele pentru o perioad\u0103 mai lung\u0103 (cum ar fi obliga\u021bia de p\u0103strare a datelor fiscale pe 7 ani).<\/p>\n\n\n\n<h2 class=\"wp-block-heading\">6. Partajarea datelor cu caracter personal cu ter\u021be p\u0103r\u021bi<\/h2>\n\n\n\n<p>\u00cemp\u0103rt\u0103\u0219im datele dumneavoastr\u0103 cu caracter personal cu ter\u021be p\u0103r\u021bi doar dac\u0103 acest lucru este necesar pentru executarea acordului nostru cu dumneavoastr\u0103 sau pentru a respecta o obliga\u021bie legal\u0103. Avem acorduri de prelucrare a datelor cu companii care prelucreaz\u0103 datele dumneavoastr\u0103 \u00een numele nostru pentru a asigura acela\u0219i nivel de securitate \u0219i confiden\u021bialitate. <\/p>\n\n\n\n<h2 class=\"wp-block-heading\">7. Cookie-uri \u0219i urm\u0103rire<\/h2>\n\n\n\n<p>Site-ul nostru web folose\u0219te cookie-uri pentru a analiza \u0219i \u00eembun\u0103t\u0103\u021bi utilizarea site-ului. Pute\u021bi accepta, respinge sau \u0219terge cookie-urile prin set\u0103rile browserului dvs. Consulta\u021bi <a href=\"https:\/\/ariana-garden.com\/cookiebeleid\/\" data-type=\"page\" data-id=\"763\"><strong>Politica noastr\u0103 privind cookie-urile<\/strong><\/a> pentru mai multe informa\u021bii.  <\/p>\n\n\n\n<h2 class=\"wp-block-heading\">8. Securitatea datelor cu caracter personal<\/h2>\n\n\n\n<p>Lu\u0103m m\u0103suri tehnice \u0219i organizatorice adecvate pentru a proteja datele dumneavoastr\u0103 \u00eempotriva pierderii, utiliz\u0103rii necorespunz\u0103toare, accesului neautorizat, divulg\u0103rii sau modific\u0103rii.<\/p>\n\n\n\n<h2 class=\"wp-block-heading\">9. Drepturile dumneavoastr\u0103<\/h2>\n\n\n\n<p>Ave\u021bi dreptul s\u0103:<\/p>\n\n\n\n<ul class=\"wp-block-list\">\n<li>Pentru a vizualiza, corecta sau \u0219terge datele dumneavoastr\u0103 cu caracter personal<\/li>\n\n\n\n<li>Pentru a v\u0103 retrage consim\u021b\u0103m\u00e2ntul privind prelucrarea datelor<\/li>\n\n\n\n<li>S\u0103 v\u0103 opune\u021bi prelucr\u0103rii datelor dumneavoastr\u0103 cu caracter personal<\/li>\n\n\n\n<li>Solicita\u021bi portabilitatea datelor<\/li>\n<\/ul>\n\n\n\n<p>V\u0103 pute\u021bi exercita aceste drepturi contact\u00e2ndu-ne folosind datele de contact de mai jos.<\/p>\n\n\n\n<h2 class=\"wp-block-heading\">10. Date de contact<\/h2>\n\n\n\n<pre class=\"wp-block-verse\">Ariana Garden BV<br\/> Peterselieweg 70B<br\/> 2988 DH Ridderkerk<br\/> Olanda<br\/> E-mail: sales@ariana-garden.com<br\/> Telefon: +31(0)618862242<\/pre>\n\n\n\n<h2 class=\"wp-block-heading\">11. Modific\u0103ri ale acestei Politici de confiden\u021bialitate<\/h2>\n\n\n\n<p>Ne rezerv\u0103m dreptul de a modifica aceast\u0103 declara\u021bie de confiden\u021bialitate. V\u0103 recomand\u0103m s\u0103 consulta\u021bi aceast\u0103 pagin\u0103 \u00een mod regulat pentru a fi la curent cu orice modific\u0103ri. <\/p>\n\n\n\n<p class=\"gb-text\"><\/p>\n<\/div>\n<\/div>\n","protected":false},"excerpt":{"rendered":"","protected":false},"author":1,"featured_media":0,"parent":0,"menu_order":0,"comment_status":"closed","ping_status":"open","template":"","meta":{"_seopress_robots_primary_cat":"","_seopress_titles_title":"","_seopress_titles_desc":"","_seopress_robots_index":"","footnotes":""},"class_list":["post-1179","page","type-page","status-publish"],"_links":{"self":[{"href":"https:\/\/ariana-garden.com\/ro\/wp-json\/wp\/v2\/pages\/1179","targetHints":{"allow":["GET"]}}],"collection":[{"href":"https:\/\/ariana-garden.com\/ro\/wp-json\/wp\/v2\/pages"}],"about":[{"href":"https:\/\/ariana-garden.com\/ro\/wp-json\/wp\/v2\/types\/page"}],"author":[{"embeddable":true,"href":"https:\/\/ariana-garden.com\/ro\/wp-json\/wp\/v2\/users\/1"}],"replies":[{"embeddable":true,"href":"https:\/\/ariana-garden.com\/ro\/wp-json\/wp\/v2\/comments?post=1179"}],"version-history":[{"count":1,"href":"https:\/\/ariana-garden.com\/ro\/wp-json\/wp\/v2\/pages\/1179\/revisions"}],"predecessor-version":[{"id":1180,"href":"https:\/\/ariana-garden.com\/ro\/wp-json\/wp\/v2\/pages\/1179\/revisions\/1180"}],"wp:attachment":[{"href":"https:\/\/ariana-garden.com\/ro\/wp-json\/wp\/v2\/media?parent=1179"}],"curies":[{"name":"wp","href":"https:\/\/api.w.org\/{rel}","templated":true}]}}