{"id":1187,"date":"2025-08-18T14:35:00","date_gmt":"2025-08-18T14:35:00","guid":{"rendered":"https:\/\/ariana-garden.com\/servicii\/"},"modified":"2025-09-25T12:08:19","modified_gmt":"2025-09-25T12:08:19","slug":"servicii","status":"publish","type":"page","link":"https:\/\/ariana-garden.com\/ro\/servicii\/","title":{"rendered":"Servicii"},"content":{"rendered":"\n<div class=\"gb-element-33a99403\">\n<div class=\"gb-element-161a92dc\">\n<h1 class=\"gb-text gb-text-38016bd3\">Gestion\u0103m \u00eentregul proces pentru clien\u021bii no\u0219tri \u2013 <em>de la ofert\u0103 p\u00e2n\u0103 la livrare.<\/em><\/h1>\n<\/div>\n<\/div>\n\n<div class=\"gb-element-82539f11\">\n<div class=\"gb-element-ace29183\">\n<div>\n<img loading=\"lazy\" decoding=\"async\" width=\"768\" height=\"1988\" class=\"gb-media-7ee39e3a\" alt=\"Ariana-Garden-fresh-produce\" src=\"https:\/\/ariana-garden.com\/wp-content\/uploads\/2025\/08\/Ariana-Garden-fresh-produce-768x1988.jpg\" title=\"Ariana-Garden-fresh-produce\" srcset=\"https:\/\/ariana-garden.com\/wp-content\/uploads\/2025\/08\/Ariana-Garden-fresh-produce-768x1988.jpg 768w, https:\/\/ariana-garden.com\/wp-content\/uploads\/2025\/08\/Ariana-Garden-fresh-produce-116x300.jpg 116w, https:\/\/ariana-garden.com\/wp-content\/uploads\/2025\/08\/Ariana-Garden-fresh-produce-396x1024.jpg 396w, https:\/\/ariana-garden.com\/wp-content\/uploads\/2025\/08\/Ariana-Garden-fresh-produce-593x1536.jpg 593w, https:\/\/ariana-garden.com\/wp-content\/uploads\/2025\/08\/Ariana-Garden-fresh-produce-791x2048.jpg 791w, https:\/\/ariana-garden.com\/wp-content\/uploads\/2025\/08\/Ariana-Garden-fresh-produce-scaled.jpg 989w\" sizes=\"auto, (max-width: 768px) 100vw, 768px\" \/>\n<\/div>\n\n\n\n<div>\n<h5 class=\"wp-block-heading\">Pentru noi, un lucru este primordial: s\u0103 ajungem produsele dumneavoastr\u0103 proaspete la destina\u021bia final\u0103 \u00een siguran\u021b\u0103, la timp \u0219i la o calitate superioar\u0103. Datorit\u0103 experien\u021bei noastre \u0219i re\u021belei noastre fiabile de furnizori, importatori \u0219i parteneri logistici, gestion\u0103m \u00eentregul proces de la \u00eenceput p\u00e2n\u0103 la sf\u00e2r\u0219it. <\/h5>\n\n\n\n<details class=\"wp-block-details is-layout-flow wp-block-details-is-layout-flow\" open><summary><strong>Oferte \u0219i Comenzi<\/strong><\/summary>\n<p>\u00cen fiecare s\u0103pt\u0103m\u00e2n\u0103, clien\u021bii no\u0219tri primesc oferte transparente (oferte) bazate pe FOT \u00een depozitul nostru. De \u00eendat\u0103 ce sosesc comenzile, \u00eencepem imediat s\u0103 c\u0103ut\u0103m produsele potrivite care s\u0103 satisfac\u0103 nevoile clien\u021bilor no\u0219tri. <\/p>\n<\/details>\n\n\n\n<details class=\"wp-block-details is-layout-flow wp-block-details-is-layout-flow\" open><summary><strong>Achizi\u021bii \u0219i Re\u021bea<\/strong><\/summary>\n<p>Avem ani de experien\u021b\u0103 \u00een fructe \u0219i legume proaspete \u0219i colabor\u0103m cu o re\u021bea de \u00eencredere de furnizori \u0219i importatori de calitate. Acest lucru ne permite s\u0103 select\u0103m \u00eentotdeauna cele mai bune produse. <\/p>\n<\/details>\n\n\n\n<details class=\"wp-block-details is-layout-flow wp-block-details-is-layout-flow\" open><summary><strong>Colectare \u0219i Inspec\u021bie<\/strong><\/summary>\n<p>Toate produsele comandate sunt colectate \u00een depozitul nostru \u0219i inspectate cu aten\u021bie. Deoarece c\u0103l\u0103toria este adesea lung\u0103, acord\u0103m o aten\u021bie deosebit\u0103 calit\u0103\u021bii, prospe\u021bimii \u0219i termenului de valabilitate. De asemenea, ne asigur\u0103m c\u0103 sunt efectuate toate inspec\u021biile legale obligatorii \u2013 suntem \u00eentotdeauna prezen\u021bi \u00een timpul acestor inspec\u021bii.  <\/p>\n<\/details>\n\n\n\n<details class=\"wp-block-details is-layout-flow wp-block-details-is-layout-flow\" open><summary><strong>Documente \u0219i Vam\u0103<\/strong><\/summary>\n<p>Aranj\u0103m toat\u0103 documenta\u021bia necesar\u0103 pentru \u00eentregul proces logistic. Respect\u0103m legile \u0219i reglement\u0103rile interna\u021bionale, asigur\u00e2ndu-ne c\u0103 \u0219oferii \u00ee\u0219i pot continua c\u0103l\u0103toria f\u0103r\u0103 griji. <\/p>\n<\/details>\n\n\n\n<details class=\"wp-block-details is-layout-flow wp-block-details-is-layout-flow\" open><summary><strong>Inspec\u021bia la destina\u021bie<\/strong><\/summary>\n<p>Pentru a preveni \u00eent\u00e2rzierile, colabor\u0103m cu agen\u021bi \u0219i controlori de calitate la destina\u021bia final\u0103. \u00cen acest fel, monitoriz\u0103m \u0219i calitatea \u0219i viteza livr\u0103rii acolo. <\/p>\n<\/details>\n\n\n\n<details class=\"wp-block-details is-layout-flow wp-block-details-is-layout-flow\" open><summary><strong>Service \u0219i asisten\u021b\u0103 post-comand\u0103<\/strong><\/summary>\n<p>Serviciul nostru nu se opre\u0219te la livrare. Oferim asisten\u021b\u0103 post-comand\u0103 activ\u0103 \u0219i r\u0103m\u00e2nem disponibili pentru \u00eentreb\u0103ri sau comentarii. A\u0219a construim rela\u021bii de durat\u0103 cu clien\u021bii no\u0219tri.  <\/p>\n<\/details>\n\n\n\n<blockquote class=\"wp-block-quote is-layout-flow wp-block-quote-is-layout-flow\"><cite>Fiecare client \u0219i fiecare pia\u021b\u0103 este diferit\u0103. De aceea, oferim solu\u021bii flexibile, personalizate, adaptate dorin\u021belor dumneavoastr\u0103 \u0219i cerin\u021belor specifice ale clien\u021bilor \u0219i \u021b\u0103rii dumneavoastr\u0103. <\/cite><\/blockquote>\n<\/div>\n<\/div>\n<\/div>\n\n<div>\n<div class=\"gb-element-fb2a6bec\">\n<div class=\"gb-element-96f5bf82\">\n<div class=\"gb-element-477a830c\">\n<p class=\"gb-text gb-text-544256dd\">Hai s\u0103 cre\u0219tem \u00eempreun\u0103<\/p>\n\n\n\n<div class=\"gb-text gb-text-1ed0f2b4\">Indiferent dac\u0103 sunte\u021bi \u00een c\u0103utarea unor produse proaspete, a unei livr\u0103ri fiabile sau a unui parteneriat pe termen lung, suntem aici pentru dumneavoastr\u0103.  <\/div>\n\n\n\n<div class=\"gb-element-0e96ce26\">\n<a class=\"gb-text-c8969d02\" href=\"https:\/\/ariana-garden.com\/contact\/\"><span class=\"gb-shape\"><svg xmlns=\"http:\/\/www.w3.org\/2000\/svg\" viewbox=\"0 0 46 22\"><path d=\"m45.41 9.59-9-9a2.004 2.004 0 0 0-3.42 1.42c0 .54.21 1.04.59 1.41l5.59 5.59H2c-1.1 0-2 .9-2 2s.9 2 2 2h37.17l-5.59 5.58c-.38.38-.59.88-.59 1.42s.21 1.04.59 1.41c.38.38.88.59 1.42.59s1.04-.21 1.41-.59l9-9c.38-.38.59-.88.59-1.42 0-.53-.21-1.04-.59-1.41Z\"><\/path><\/svg><\/span><span class=\"gb-text\">Descoper\u0103 ce putem realiza \u00eempreun\u0103<\/span><\/a>\n<\/div>\n<\/div>\n\n\n\n<div class=\"gb-element-93d5c289\">\n<img loading=\"lazy\" decoding=\"async\" width=\"1440\" height=\"960\" class=\"gb-media-1304dcf7\" src=\"https:\/\/ariana-garden.com\/wp-content\/uploads\/2025\/08\/peren.png\" title=\"AG\" alt=\"\" srcset=\"https:\/\/ariana-garden.com\/wp-content\/uploads\/2025\/08\/peren.png 1440w, https:\/\/ariana-garden.com\/wp-content\/uploads\/2025\/08\/peren-300x200.png 300w, https:\/\/ariana-garden.com\/wp-content\/uploads\/2025\/08\/peren-1024x683.png 1024w, https:\/\/ariana-garden.com\/wp-content\/uploads\/2025\/08\/peren-768x512.png 768w\" sizes=\"auto, (max-width: 1440px) 100vw, 1440px\" \/>\n<\/div>\n<\/div>\n<\/div>\n<\/div>\n","protected":false},"excerpt":{"rendered":"<p>Gestion\u0103m \u00eentregul proces pentru clien\u021bii no\u0219tri \u2013 de la ofert\u0103 p\u00e2n\u0103 la livrare. Pentru noi, un lucru este primordial: s\u0103 ajungem produsele dumneavoastr\u0103 proaspete la destina\u021bia final\u0103 \u00een siguran\u021b\u0103, la &#8230; <\/p>\n<p class=\"read-more-container\"><a title=\"Servicii\" class=\"read-more button\" href=\"https:\/\/ariana-garden.com\/ro\/servicii\/#more-1187\" aria-label=\"Cite\u0219te mai multe despre Servicii\">Lees meer<\/a><\/p>\n","protected":false},"author":1,"featured_media":0,"parent":0,"menu_order":0,"comment_status":"closed","ping_status":"closed","template":"","meta":{"_seopress_robots_primary_cat":"","_seopress_titles_title":"","_seopress_titles_desc":"","_seopress_robots_index":"","footnotes":""},"class_list":["post-1187","page","type-page","status-publish"],"_links":{"self":[{"href":"https:\/\/ariana-garden.com\/ro\/wp-json\/wp\/v2\/pages\/1187","targetHints":{"allow":["GET"]}}],"collection":[{"href":"https:\/\/ariana-garden.com\/ro\/wp-json\/wp\/v2\/pages"}],"about":[{"href":"https:\/\/ariana-garden.com\/ro\/wp-json\/wp\/v2\/types\/page"}],"author":[{"embeddable":true,"href":"https:\/\/ariana-garden.com\/ro\/wp-json\/wp\/v2\/users\/1"}],"replies":[{"embeddable":true,"href":"https:\/\/ariana-garden.com\/ro\/wp-json\/wp\/v2\/comments?post=1187"}],"version-history":[{"count":1,"href":"https:\/\/ariana-garden.com\/ro\/wp-json\/wp\/v2\/pages\/1187\/revisions"}],"predecessor-version":[{"id":1189,"href":"https:\/\/ariana-garden.com\/ro\/wp-json\/wp\/v2\/pages\/1187\/revisions\/1189"}],"wp:attachment":[{"href":"https:\/\/ariana-garden.com\/ro\/wp-json\/wp\/v2\/media?parent=1187"}],"curies":[{"name":"wp","href":"https:\/\/api.w.org\/{rel}","templated":true}]}}