{"id":1194,"date":"2025-08-25T12:02:25","date_gmt":"2025-08-25T12:02:25","guid":{"rendered":"https:\/\/ariana-garden.com\/politica-privind-cookie-urile\/"},"modified":"2025-09-25T12:45:07","modified_gmt":"2025-09-25T12:45:07","slug":"politica-privind-cookie-urile","status":"publish","type":"page","link":"https:\/\/ariana-garden.com\/ro\/politica-privind-cookie-urile\/","title":{"rendered":"Politica privind cookie-urile"},"content":{"rendered":"\n<div class=\"gb-element-46b80ebe\">\n<div>\n<p class=\"gb-text\">Ultima actualizare \u2013 25 august 2025<\/p>\n\n\n\n<h1 class=\"gb-text\"><strong>Politica privind cookie-urile.<\/strong><\/h1>\n<\/div>\n\n\n\n<div>\n<h2 class=\"wp-block-heading\">1. Ce sunt cookie-urile?<\/h2>\n\n\n\n<p>Cookie-urile sunt fi\u0219iere text mici care sunt plasate pe computer, tablet\u0103 sau smartphone atunci c\u00e2nd vizita\u021bi site-ul nostru web.<br\/>Acestea sunt utilizate pentru a asigura func\u021bionarea corect\u0103 a site-ului nostru web, pentru a analiza utilizarea \u0219i pentru a memora preferin\u021bele dvs.<\/p>\n\n\n\n<h2 class=\"wp-block-heading\">2. Tipuri de cookie-uri pe care le folosim<\/h2>\n\n\n\n<p>Utiliz\u0103m urm\u0103toarele tipuri de cookie-uri:<\/p>\n\n\n\n<ul class=\"wp-block-list\">\n<li><strong>Cookie-uri de marketing<\/strong><br\/>Aceste cookie-uri ne permit s\u0103 urm\u0103rim vizitatorii \u0219i s\u0103 afi\u0219\u0103m reclame relevante (numai dac\u0103 am primit consim\u021b\u0103m\u00e2ntul dvs.).<\/li>\n\n\n\n<li><strong>Cookie-uri func\u021bionale<\/strong><br\/>Necesare pentru func\u021bionarea site-ului web. F\u0103r\u0103 aceste cookie-uri, anumite p\u0103r\u021bi ale site-ului web nu vor func\u021biona corect. <\/li>\n\n\n\n<li><strong>Cookie-uri analitice<\/strong><br\/>Utiliz\u0103m aceste cookie-uri pentru a analiza utilizarea site-ului web, de exemplu, prin Google Analytics. Acest lucru ne ajut\u0103 s\u0103 \u00eembun\u0103t\u0103\u021bim site-ul. <\/li>\n<\/ul>\n\n\n\n<h2 class=\"wp-block-heading\">3. Consim\u021b\u0103m\u00e2nt<\/h2>\n\n\n\n<p>La prima dvs. vizit\u0103 pe site-ul nostru web, vom afi\u0219a o notificare privind cookie-urile care explic\u0103 ce cookie-uri folosim.<br\/>Pute\u021bi indica dac\u0103 accepta\u021bi doar cookie-uri func\u021bionale sau accepta\u021bi \u0219i cookie-uri analitice \u0219i de marketing.<\/p>\n\n\n\n<h2 class=\"wp-block-heading\">4. Cookie-uri ter\u021be<\/h2>\n\n\n\n<p>Unele cookie-uri sunt plasate de ter\u021bi, de exemplu, prin con\u021binut \u00eencorporat (cum ar fi videoclipuri YouTube) sau instrumente de analiz\u0103 precum Google Analytics.<br\/>Nu avem \u00eentotdeauna control asupra acestui aspect \u0219i consulta\u021bi politicile privind cookie-urile acestor ter\u021bi pentru mai multe informa\u021bii.<\/p>\n\n\n\n<h2 class=\"wp-block-heading\">5. Gestionarea \u0219i \u0219tergerea cookie-urilor<\/h2>\n\n\n\n<p>Pute\u021bi \u0219terge sau bloca manual cookie-urile prin set\u0103rile browserului dvs. de internet.<br\/>Re\u021bine\u021bi c\u0103 este posibil ca unele func\u021bii ale site-ului web s\u0103 nu func\u021bioneze corect dac\u0103 dezactiva\u021bi cookie-urile.<br\/>Pentru instruc\u021biuni, consulta\u021bi func\u021bia de ajutor a browserului dvs.<\/p>\n\n\n\n<h2 class=\"wp-block-heading\">6. Date de contact<\/h2>\n\n\n\n<p>Pentru \u00eentreb\u0103ri despre politica noastr\u0103 privind cookie-urile, v\u0103 rug\u0103m s\u0103 ne contacta\u021bi la:<\/p>\n\n\n\n<pre class=\"wp-block-verse\">Ariana Garden B.V.<br\/>Peterselieweg 70B<br\/>2988 DH Ridderkerk<br\/>Olanda<br\/>E-mail: sales@ariana-garden.com<br\/>Telefon: +31(0)618862242<\/pre>\n<\/div>\n<\/div>\n","protected":false},"excerpt":{"rendered":"<p>Ultima actualizare \u2013 25 august 2025 Politica privind cookie-urile. 1. Ce sunt cookie-urile? Cookie-urile sunt fi\u0219iere text mici care sunt plasate pe computer, tablet\u0103 sau smartphone atunci c\u00e2nd vizita\u021bi site-ul &#8230; <\/p>\n<p class=\"read-more-container\"><a title=\"Politica privind cookie-urile\" class=\"read-more button\" href=\"https:\/\/ariana-garden.com\/ro\/politica-privind-cookie-urile\/#more-1194\" aria-label=\"Cite\u0219te mai multe despre Politica privind cookie-urile\">Lees meer<\/a><\/p>\n","protected":false},"author":1,"featured_media":0,"parent":0,"menu_order":0,"comment_status":"closed","ping_status":"closed","template":"","meta":{"_seopress_robots_primary_cat":"","_seopress_titles_title":"","_seopress_titles_desc":"","_seopress_robots_index":"","footnotes":""},"class_list":["post-1194","page","type-page","status-publish"],"_links":{"self":[{"href":"https:\/\/ariana-garden.com\/ro\/wp-json\/wp\/v2\/pages\/1194","targetHints":{"allow":["GET"]}}],"collection":[{"href":"https:\/\/ariana-garden.com\/ro\/wp-json\/wp\/v2\/pages"}],"about":[{"href":"https:\/\/ariana-garden.com\/ro\/wp-json\/wp\/v2\/types\/page"}],"author":[{"embeddable":true,"href":"https:\/\/ariana-garden.com\/ro\/wp-json\/wp\/v2\/users\/1"}],"replies":[{"embeddable":true,"href":"https:\/\/ariana-garden.com\/ro\/wp-json\/wp\/v2\/comments?post=1194"}],"version-history":[{"count":1,"href":"https:\/\/ariana-garden.com\/ro\/wp-json\/wp\/v2\/pages\/1194\/revisions"}],"predecessor-version":[{"id":1195,"href":"https:\/\/ariana-garden.com\/ro\/wp-json\/wp\/v2\/pages\/1194\/revisions\/1195"}],"wp:attachment":[{"href":"https:\/\/ariana-garden.com\/ro\/wp-json\/wp\/v2\/media?parent=1194"}],"curies":[{"name":"wp","href":"https:\/\/api.w.org\/{rel}","templated":true}]}}