{"id":1196,"date":"2025-06-26T12:47:42","date_gmt":"2025-06-26T12:47:42","guid":{"rendered":"https:\/\/ariana-garden.com\/home\/"},"modified":"2026-01-19T14:58:20","modified_gmt":"2026-01-19T14:58:20","slug":"home","status":"publish","type":"page","link":"https:\/\/ariana-garden.com\/ro\/","title":{"rendered":"Home"},"content":{"rendered":"\n<div class=\"gb-element-33a99403\">\n<div class=\"gb-element-189d95cc\">\n<h1 class=\"gb-text gb-text-d7189a1f\">Exportatorul dumneavoastr\u0103 de \u00eencredere de produse proaspete din Rotterdam.<\/h1>\n<\/div>\n<\/div>\n\n<div class=\"gb-element-6d74dcd7\">\n<div class=\"gb-element-97392108\">\n<div class=\"gb-element-471d251e\">\n<img loading=\"lazy\" decoding=\"async\" width=\"960\" height=\"1445\" class=\"gb-media-a8d1c18e\" alt=\"Ariana-Garden-fresh-pineapple\" src=\"https:\/\/ariana-garden.com\/wp-content\/uploads\/2025\/08\/Ariana-Garden-fresh-pineapple.jpg\" title=\"Ariana-Garden-fresh-pineapple\" srcset=\"https:\/\/ariana-garden.com\/wp-content\/uploads\/2025\/08\/Ariana-Garden-fresh-pineapple.jpg 960w, https:\/\/ariana-garden.com\/wp-content\/uploads\/2025\/08\/Ariana-Garden-fresh-pineapple-199x300.jpg 199w, https:\/\/ariana-garden.com\/wp-content\/uploads\/2025\/08\/Ariana-Garden-fresh-pineapple-680x1024.jpg 680w, https:\/\/ariana-garden.com\/wp-content\/uploads\/2025\/08\/Ariana-Garden-fresh-pineapple-768x1156.jpg 768w\" sizes=\"auto, (max-width: 960px) 100vw, 960px\" \/>\n<\/div>\n\n\n\n<div class=\"gb-element-04b504ee\">\n<h2 class=\"gb-text gb-text-c04f7bbd\">\u00cempreun\u0103, construim un lan\u021b de aprovizionare puternic de la ferm\u0103 la consumator.<\/h2>\n\n\n\n<p class=\"gb-text gb-text-a9d74641\">Activ din 2012 \u0219i \u00eenfiin\u021bat \u00een 2022 <\/p>\n\n\n\n<p class=\"gb-text gb-text-6f1c2915\">Cu <strong>Rotterdam <\/strong>ca centru logistic, ne-am specializat \u00een importul \u0219i exportul de fructe \u0219i legume proaspete de mul\u021bi ani. Datorit\u0103 re\u021belei noastre extinse \u0219i abord\u0103rii personalizate, ave\u021bi garan\u021bia unui partener de \u00eencredere care g\u00e2nde\u0219te al\u0103turi de dumneavoastr\u0103 \u0219i livreaz\u0103. <\/p>\n\n\n\n<p>Fie c\u0103 este vorba de volume mari sau de transporturi personalizate, g\u00e2ndim al\u0103turi de dumneavoastr\u0103 \u0219i ne asigur\u0103m c\u0103 m\u0103rfurile dumneavoastr\u0103 ajung la destina\u021bie \u00een siguran\u021b\u0103 \u0219i la timp.<\/p>\n\n\n\n<p class=\"has-accent-color has-text-color has-link-color wp-elements-8e3e05632262fdc1ef117980871622ff\">La <strong>Ariana Garden B.V.<\/strong>, serviciul personalizat, transparen\u021ba \u0219i rela\u021biile pe termen lung sunt primordiale. <\/p>\n\n\n\n<div class=\"gb-element-eb9e64f1\">\n<a class=\"gb-text-a5183ee0\" rel=\"nofollow\" href=\"https:\/\/ariana-garden.com\/ro\/servicii\/\"><span class=\"gb-text\">Citi\u021bi mai multe despre abordarea noastr\u0103<\/span><span class=\"gb-shape\"><svg xmlns=\"http:\/\/www.w3.org\/2000\/svg\" viewbox=\"0 0 46 22\"><path d=\"m45.41 9.59-9-9a2.004 2.004 0 0 0-3.42 1.42c0 .54.21 1.04.59 1.41l5.59 5.59H2c-1.1 0-2 .9-2 2s.9 2 2 2h37.17l-5.59 5.58c-.38.38-.59.88-.59 1.42s.21 1.04.59 1.41c.38.38.88.59 1.42.59s1.04-.21 1.41-.59l9-9c.38-.38.59-.88.59-1.42 0-.53-.21-1.04-.59-1.41Z\"><\/path><\/svg><\/span><\/a>\n<\/div>\n<\/div>\n<\/div>\n<\/div>\n\n<div class=\"gb-element-29414a92\">\n<div class=\"gb-element-f24a72d0\">\n<div class=\"gb-element-2ecd043a\">\n<h2 class=\"gb-text\">Servicii<\/h2>\n\n\n\n<p class=\"gb-text gb-text-5acd894f\">Gestion\u0103m \u00eentregul proces pentru clien\u021bii no\u0219tri &#8211; de la cota\u021bie la livrare. Iat\u0103 ce facem: <\/p>\n\n\n\n<div class=\"gb-element-5e784457\">\n<div>\n<div class=\"gb-text-4ac278d5\"><span class=\"gb-shape\"><svg xmlns=\"http:\/\/www.w3.org\/2000\/svg\" aria-hidden=\"true\" role=\"img\" height=\"1em\" width=\"1em\" viewbox=\"0 0 512 512\"><path fill=\"currentColor\" d=\"M256 56c110.532 0 200 89.451 200 200 0 110.532-89.451 200-200 200-110.532 0-200-89.451-200-200 0-110.532 89.451-200 200-200m0-48C119.033 8 8 119.033 8 256s111.033 248 248 248 248-111.033 248-248S392.967 8 256 8zm0 168c-44.183 0-80 35.817-80 80s35.817 80 80 80 80-35.817 80-80-35.817-80-80-80z\"><\/path><\/svg><\/span><span class=\"gb-text\">Cota\u021bii \u0219i licita\u021bii<\/span><\/div>\n\n\n\n<div class=\"gb-text gb-text-4e3d3be8\">Transparent \u00een fiecare s\u0103pt\u0103m\u00e2n\u0103, pe baza FOT din depozitul nostru.<\/div>\n<\/div>\n\n\n\n<div>\n<div class=\"gb-text-fb778bd5\"><span class=\"gb-shape\"><svg xmlns=\"http:\/\/www.w3.org\/2000\/svg\" aria-hidden=\"true\" role=\"img\" height=\"1em\" width=\"1em\" viewbox=\"0 0 512 512\"><path fill=\"currentColor\" d=\"M256 56c110.532 0 200 89.451 200 200 0 110.532-89.451 200-200 200-110.532 0-200-89.451-200-200 0-110.532 89.451-200 200-200m0-48C119.033 8 8 119.033 8 256s111.033 248 248 248 248-111.033 248-248S392.967 8 256 8zm0 168c-44.183 0-80 35.817-80 80s35.817 80 80 80 80-35.817 80-80-35.817-80-80-80z\"><\/path><\/svg><\/span><span class=\"gb-text\">Achizi\u021bionarea de produse<\/span><\/div>\n\n\n\n<div class=\"gb-text gb-text-0b03e984\">C\u0103utarea direct\u0103 a fructelor \u0219i legumelor potrivite pentru fiecare comand\u0103.<\/div>\n<\/div>\n\n\n\n<div>\n<div class=\"gb-text-7a731045\"><span class=\"gb-shape\"><svg xmlns=\"http:\/\/www.w3.org\/2000\/svg\" aria-hidden=\"true\" role=\"img\" height=\"1em\" width=\"1em\" viewbox=\"0 0 512 512\"><path fill=\"currentColor\" d=\"M256 56c110.532 0 200 89.451 200 200 0 110.532-89.451 200-200 200-110.532 0-200-89.451-200-200 0-110.532 89.451-200 200-200m0-48C119.033 8 8 119.033 8 256s111.033 248 248 248 248-111.033 248-248S392.967 8 256 8zm0 168c-44.183 0-80 35.817-80 80s35.817 80 80 80 80-35.817 80-80-35.817-80-80-80z\"><\/path><\/svg><\/span><span class=\"gb-text\">Re\u021bea fiabil\u0103<\/span><\/div>\n\n\n\n<div class=\"gb-text gb-text-dc685a3c\">Experien\u021b\u0103 \u00een produse proaspete, cu furnizori \u0219i cultivatori de \u00eencredere \u0219i calitate.<\/div>\n<\/div>\n\n\n\n<div>\n<div class=\"gb-text-0f61d7d9\"><span class=\"gb-shape\"><svg xmlns=\"http:\/\/www.w3.org\/2000\/svg\" aria-hidden=\"true\" role=\"img\" height=\"1em\" width=\"1em\" viewbox=\"0 0 512 512\"><path fill=\"currentColor\" d=\"M256 56c110.532 0 200 89.451 200 200 0 110.532-89.451 200-200 200-110.532 0-200-89.451-200-200 0-110.532 89.451-200 200-200m0-48C119.033 8 8 119.033 8 256s111.033 248 248 248 248-111.033 248-248S392.967 8 256 8zm0 168c-44.183 0-80 35.817-80 80s35.817 80 80 80 80-35.817 80-80-35.817-80-80-80z\"><\/path><\/svg><\/span><span class=\"gb-text\">Colectare \u0219i control al calit\u0103\u021bii<\/span><\/div>\n\n\n\n<div class=\"gb-text gb-text-cb89574f\">Produse colectate cu grij\u0103 \u0219i inspectate riguros \u00een depozitul nostru.<\/div>\n<\/div>\n\n\n\n<div>\n<div class=\"gb-text-5649fc01\"><span class=\"gb-shape\"><svg xmlns=\"http:\/\/www.w3.org\/2000\/svg\" aria-hidden=\"true\" role=\"img\" height=\"1em\" width=\"1em\" viewbox=\"0 0 512 512\"><path fill=\"currentColor\" d=\"M256 56c110.532 0 200 89.451 200 200 0 110.532-89.451 200-200 200-110.532 0-200-89.451-200-200 0-110.532 89.451-200 200-200m0-48C119.033 8 8 119.033 8 256s111.033 248 248 248 248-111.033 248-248S392.967 8 256 8zm0 168c-44.183 0-80 35.817-80 80s35.817 80 80 80 80-35.817 80-80-35.817-80-80-80z\"><\/path><\/svg><\/span><span class=\"gb-text\">Inspec\u021bii legale<\/span><\/div>\n\n\n\n<div class=\"gb-text gb-text-a87b000e\">Planificarea \u0219i executarea inspec\u021biilor \u0219i verific\u0103rilor la loca\u021bia noastr\u0103.<\/div>\n<\/div>\n\n\n\n<div>\n<div class=\"gb-text-c19d31b6\"><span class=\"gb-shape\"><svg xmlns=\"http:\/\/www.w3.org\/2000\/svg\" aria-hidden=\"true\" role=\"img\" height=\"1em\" width=\"1em\" viewbox=\"0 0 512 512\"><path fill=\"currentColor\" d=\"M256 56c110.532 0 200 89.451 200 200 0 110.532-89.451 200-200 200-110.532 0-200-89.451-200-200 0-110.532 89.451-200 200-200m0-48C119.033 8 8 119.033 8 256s111.033 248 248 248 248-111.033 248-248S392.967 8 256 8zm0 168c-44.183 0-80 35.817-80 80s35.817 80 80 80 80-35.817 80-80-35.817-80-80-80z\"><\/path><\/svg><\/span><span class=\"gb-text\">Documenta\u021bie vamal\u0103<\/span><\/div>\n\n\n\n<div class=\"gb-text gb-text-a007df70\">Toate documentele \u0219i cerin\u021bele interna\u021bionale sunt aranjate \u00eenainte de \u00eenc\u0103rcare.<\/div>\n<\/div>\n<\/div>\n\n\n\n<div class=\"gb-element-b5dd6199\">\n<div>\n<div class=\"gb-text-8df8850f\"><span class=\"gb-shape\"><svg xmlns=\"http:\/\/www.w3.org\/2000\/svg\" aria-hidden=\"true\" role=\"img\" height=\"1em\" width=\"1em\" viewbox=\"0 0 512 512\"><path fill=\"currentColor\" d=\"M256 56c110.532 0 200 89.451 200 200 0 110.532-89.451 200-200 200-110.532 0-200-89.451-200-200 0-110.532 89.451-200 200-200m0-48C119.033 8 8 119.033 8 256s111.033 248 248 248 248-111.033 248-248S392.967 8 256 8zm0 168c-44.183 0-80 35.817-80 80s35.817 80 80 80 80-35.817 80-80-35.817-80-80-80z\"><\/path><\/svg><\/span><span class=\"gb-text\">Asisten\u021b\u0103 la destina\u021bia final\u0103<\/span><\/div>\n\n\n\n<div class=\"gb-text gb-text-443ccc0a\">Agen\u021bii \u0219i controlorii de calitate la fa\u021ba locului previn \u00eent\u00e2rzierile.<\/div>\n<\/div>\n\n\n\n<div>\n<div class=\"gb-text-a74ab416\"><span class=\"gb-shape\"><svg xmlns=\"http:\/\/www.w3.org\/2000\/svg\" aria-hidden=\"true\" role=\"img\" height=\"1em\" width=\"1em\" viewbox=\"0 0 512 512\"><path fill=\"currentColor\" d=\"M256 56c110.532 0 200 89.451 200 200 0 110.532-89.451 200-200 200-110.532 0-200-89.451-200-200 0-110.532 89.451-200 200-200m0-48C119.033 8 8 119.033 8 256s111.033 248 248 248 248-111.033 248-248S392.967 8 256 8zm0 168c-44.183 0-80 35.817-80 80s35.817 80 80 80 80-35.817 80-80-35.817-80-80-80z\"><\/path><\/svg><\/span><span class=\"gb-text\">\u00cengrijire ulterioar\u0103 \u0219i disponibilitate<\/span><\/div>\n\n\n\n<div class=\"gb-text gb-text-d80c7b80\">Contact activ chiar \u0219i dup\u0103 livrare \u0219i \u00eentotdeauna disponibili pentru \u00eentreb\u0103ri.<\/div>\n<\/div>\n<\/div>\n\n\n\n<h2 class=\"gb-text gb-text-6baf777c\">Ave\u021bi nevoie de o solu\u021bie personalizat\u0103?<\/h2>\n\n\n\n<p class=\"gb-text gb-text-2b033611\">Fiecare client \u0219i fiecare pia\u021b\u0103 este diferit\u0103. De aceea, oferim solu\u021bii flexibile, personalizate, adaptate dorin\u021belor dumneavoastr\u0103 \u0219i cerin\u021belor specifice ale clien\u021bilor dumneavoastr\u0103. <\/p>\n\n\n\n<a class=\"gb-text gb-text-d09bc1f3\" href=\"https:\/\/ariana-garden.com\/ro\/contact\/\">Suna\u021bi-ne direct<\/a>\n<\/div>\n<\/div>\n<\/div>\n\n<div class=\"gb-element-831eefa4\">\n<h2 class=\"wp-block-heading has-text-align-center has-accent-color has-text-color has-link-color wp-elements-9ad0f7ae978e7a3b00be9899454cacf1\">Blog<\/h2>\n\n\n\n<div class=\"gb-element-d559b4bb\">\n<div class=\"wp-block-query is-layout-flow wp-block-query-is-layout-flow\"><ul class=\"columns-3 wp-block-post-template is-layout-grid wp-container-core-post-template-is-layout-2f3213d7 wp-block-post-template-is-layout-grid\"><li class=\"wp-block-post post-1492 post type-post status-publish format-standard has-post-thumbnail hentry category-overseas\">\n\n<div class=\"wp-block-group has-accent-color has-text-color has-link-color wp-elements-dd6a81b829f72f2c9a893c255e9099f1\" style=\"padding-top:30px;padding-right:30px;padding-bottom:30px;padding-left:30px\"><div class=\"wp-block-group__inner-container is-layout-flow wp-block-group-is-layout-flow\"><h2 class=\"wp-block-post-title\"><a href=\"https:\/\/ariana-garden.com\/ro\/fructe-si-legume-proaspete-catre-europa-de-est-din-olanda\/\" target=\"_self\" >Fructe \u0219i legume proaspete c\u0103tre Europa de Est din Olanda<\/a><\/h2>\n\n<div class=\"wp-block-post-excerpt\"><p class=\"wp-block-post-excerpt__excerpt\">Optimizeaz\u0103-\u021bi achizi\u021biile de fructe \u0219i legume prin Olanda pentru Ucraina, Kazahstan, Georgia \u0219i multe altele. Cele mai bune produse \u00een ianuarie-februarie cu cele mai mari marje. \u2713 Garan\u021bie de calitate \u2713 Logistic\u0103 <\/p><\/div>\n\n<div class=\"wp-block-post-date\"><time datetime=\"2026-01-15T11:47:41+00:00\">ianuarie 15, 2026<\/time><\/div><\/div><\/div>\n\n<\/li><li class=\"wp-block-post post-1433 post type-post status-publish format-standard has-post-thumbnail hentry category-overseas tag-georgia tag-import tag-kazakhstan tag-moldova tag-rusia tag-supply-chain tag-ucraina\">\n\n<div class=\"wp-block-group has-accent-color has-text-color has-link-color wp-elements-dd6a81b829f72f2c9a893c255e9099f1\" style=\"padding-top:30px;padding-right:30px;padding-bottom:30px;padding-left:30px\"><div class=\"wp-block-group__inner-container is-layout-flow wp-block-group-is-layout-flow\"><h2 class=\"wp-block-post-title\"><a href=\"https:\/\/ariana-garden.com\/ro\/ambalaje-sustenabile-pentru-fructe-si-legume-oportunitati-pentru-comerciantii-cu-amanuntul-din-europa-de-est\/\" target=\"_self\" >Ambalaje sustenabile pentru fructe \u0219i legume: oportunit\u0103\u021bi pentru comercian\u021bii cu am\u0103nuntul din Europa de Est<\/a><\/h2>\n\n<div class=\"wp-block-post-excerpt\"><p class=\"wp-block-post-excerpt__excerpt\">Cererea de ambalaje sustenabile pentru fructe \u0219i legume cre\u0219te exponen\u021bial \u00een \u00eentreaga Europ\u0103. De asemenea, observ\u0103m o schimbare clar\u0103 \u00een Europa de Est: consumatorii aleg din ce \u00een ce mai &#8230; Lees meer <\/p><\/div>\n\n<div class=\"wp-block-post-date\"><time datetime=\"2025-12-01T10:17:07+00:00\">decembrie 1, 2025<\/time><\/div><\/div><\/div>\n\n<\/li><li class=\"wp-block-post post-1317 post type-post status-publish format-standard has-post-thumbnail hentry category-overseas tag-georgia tag-import tag-kazakhstan tag-moldova tag-rusia tag-ucraina\">\n\n<div class=\"wp-block-group has-accent-color has-text-color has-link-color wp-elements-dd6a81b829f72f2c9a893c255e9099f1\" style=\"padding-top:30px;padding-right:30px;padding-bottom:30px;padding-left:30px\"><div class=\"wp-block-group__inner-container is-layout-flow wp-block-group-is-layout-flow\"><h2 class=\"wp-block-post-title\"><a href=\"https:\/\/ariana-garden.com\/ro\/top-5-fructe-cu-cele-mai-bune-marje-pentru-supermarketurile-din-europa-de-est\/\" target=\"_self\" >Top 5 Fructe cu Cele Mai Bune Marje pentru Supermarketurile din Europa de Est<\/a><\/h2>\n\n<div class=\"wp-block-post-excerpt\"><p class=\"wp-block-post-excerpt__excerpt\">Pentru cump\u0103r\u0103torii din lan\u021burile de retail din Europa de Est, fructele de peste m\u0103ri ofer\u0103 oportunit\u0103\u021bi unice de marj\u0103 pe care produsele europene nu le pot egala. P\u00e2n\u0103 \u00een noiembrie &#8230; Lees meer <\/p><\/div>\n\n<div class=\"wp-block-post-date\"><time datetime=\"2025-11-07T14:39:55+00:00\">noiembrie 7, 2025<\/time><\/div><\/div><\/div>\n\n<\/li><\/ul>\n\n<nav class=\"wp-block-query-pagination is-content-justification-center is-layout-flex wp-container-core-query-pagination-is-layout-16018d1d wp-block-query-pagination-is-layout-flex\" aria-label=\"pagina\u021bie\">\n\n\n<div class=\"wp-block-query-pagination-numbers\"><span aria-current=\"page\" class=\"page-numbers current\">1<\/span>\n<a class=\"page-numbers\" href=\"?query-76-page=2\">2<\/a>\n<a class=\"page-numbers\" href=\"?query-76-page=3\">3<\/a><\/div>\n\n<a href=\"\/ro\/wp-json\/wp\/v2\/pages\/1196?query-76-page=2\" class=\"wp-block-query-pagination-next\">Pagina urm\u0103toare<\/a>\n<\/nav><\/div>\n<\/div>\n<\/div>\n\n<div>\n<div class=\"gb-element-fb2a6bec\">\n<div class=\"gb-element-96f5bf82\">\n<div class=\"gb-element-477a830c\">\n<p class=\"gb-text gb-text-544256dd\">Hai s\u0103 cre\u0219tem \u00eempreun\u0103<\/p>\n\n\n\n<div class=\"gb-text gb-text-1ed0f2b4\">Indiferent dac\u0103 sunte\u021bi \u00een c\u0103utarea unor produse proaspete, a unei livr\u0103ri fiabile sau a unui parteneriat pe termen lung, suntem aici pentru dumneavoastr\u0103.  <\/div>\n\n\n\n<div class=\"gb-element-0e96ce26\">\n<a class=\"gb-text-c8969d02\" href=\"https:\/\/ariana-garden.com\/contact\/\"><span class=\"gb-shape\"><svg xmlns=\"http:\/\/www.w3.org\/2000\/svg\" viewbox=\"0 0 46 22\"><path d=\"m45.41 9.59-9-9a2.004 2.004 0 0 0-3.42 1.42c0 .54.21 1.04.59 1.41l5.59 5.59H2c-1.1 0-2 .9-2 2s.9 2 2 2h37.17l-5.59 5.58c-.38.38-.59.88-.59 1.42s.21 1.04.59 1.41c.38.38.88.59 1.42.59s1.04-.21 1.41-.59l9-9c.38-.38.59-.88.59-1.42 0-.53-.21-1.04-.59-1.41Z\"><\/path><\/svg><\/span><span class=\"gb-text\">Descoper\u0103 ce putem realiza \u00eempreun\u0103<\/span><\/a>\n<\/div>\n<\/div>\n\n\n\n<div class=\"gb-element-93d5c289\">\n<img loading=\"lazy\" decoding=\"async\" width=\"1440\" height=\"960\" class=\"gb-media-1304dcf7\" src=\"https:\/\/ariana-garden.com\/wp-content\/uploads\/2025\/08\/peren.png\" title=\"AG\" alt=\"\" srcset=\"https:\/\/ariana-garden.com\/wp-content\/uploads\/2025\/08\/peren.png 1440w, https:\/\/ariana-garden.com\/wp-content\/uploads\/2025\/08\/peren-300x200.png 300w, https:\/\/ariana-garden.com\/wp-content\/uploads\/2025\/08\/peren-1024x683.png 1024w, https:\/\/ariana-garden.com\/wp-content\/uploads\/2025\/08\/peren-768x512.png 768w\" sizes=\"auto, (max-width: 1440px) 100vw, 1440px\" \/>\n<\/div>\n<\/div>\n<\/div>\n<\/div>\n","protected":false},"excerpt":{"rendered":"<p>Exportatorul dumneavoastr\u0103 de \u00eencredere de produse proaspete din Rotterdam. \u00cempreun\u0103, construim un lan\u021b de aprovizionare puternic de la ferm\u0103 la consumator. Activ din 2012 \u0219i \u00eenfiin\u021bat \u00een 2022 Cu Rotterdam &#8230; <\/p>\n<p class=\"read-more-container\"><a title=\"Home\" class=\"read-more button\" href=\"https:\/\/ariana-garden.com\/ro\/#more-1196\" aria-label=\"Cite\u0219te mai multe despre Home\">Lees meer<\/a><\/p>\n","protected":false},"author":1,"featured_media":1204,"parent":0,"menu_order":0,"comment_status":"closed","ping_status":"closed","template":"","meta":{"_seopress_robots_primary_cat":"","_seopress_titles_title":"Ariana Garden, exportatorul dumneavoastr\u0103 de \u00eencredere de produse proaspete","_seopress_titles_desc":"C\u0103uta\u021bi un partener de \u00eencredere pentru importul de fructe \u0219i legume \u00een Europa de Est? Garant\u0103m calitate, certificare \u0219i logistic\u0103 din Rotterdam. ","_seopress_robots_index":"","footnotes":""},"class_list":["post-1196","page","type-page","status-publish","has-post-thumbnail"],"_links":{"self":[{"href":"https:\/\/ariana-garden.com\/ro\/wp-json\/wp\/v2\/pages\/1196","targetHints":{"allow":["GET"]}}],"collection":[{"href":"https:\/\/ariana-garden.com\/ro\/wp-json\/wp\/v2\/pages"}],"about":[{"href":"https:\/\/ariana-garden.com\/ro\/wp-json\/wp\/v2\/types\/page"}],"author":[{"embeddable":true,"href":"https:\/\/ariana-garden.com\/ro\/wp-json\/wp\/v2\/users\/1"}],"replies":[{"embeddable":true,"href":"https:\/\/ariana-garden.com\/ro\/wp-json\/wp\/v2\/comments?post=1196"}],"version-history":[{"count":3,"href":"https:\/\/ariana-garden.com\/ro\/wp-json\/wp\/v2\/pages\/1196\/revisions"}],"predecessor-version":[{"id":1496,"href":"https:\/\/ariana-garden.com\/ro\/wp-json\/wp\/v2\/pages\/1196\/revisions\/1496"}],"wp:featuredmedia":[{"embeddable":true,"href":"https:\/\/ariana-garden.com\/ro\/wp-json\/wp\/v2\/media\/1204"}],"wp:attachment":[{"href":"https:\/\/ariana-garden.com\/ro\/wp-json\/wp\/v2\/media?parent=1196"}],"curies":[{"name":"wp","href":"https:\/\/api.w.org\/{rel}","templated":true}]}}